{"id":7635,"date":"2025-04-29T15:41:43","date_gmt":"2025-04-29T07:41:43","guid":{"rendered":"https:\/\/www.arcsolutions.se\/de\/?page_id=7635"},"modified":"2026-01-10T00:01:10","modified_gmt":"2026-01-09T16:01:10","slug":"onetoone","status":"publish","type":"page","link":"https:\/\/www.arcsolutions.se\/de\/onetoone\/","title":{"rendered":"OneToOne\u2122"},"content":{"rendered":"\t\t<div data-elementor-type=\"wp-page\" data-elementor-id=\"7635\" class=\"elementor elementor-7635\" data-elementor-post-type=\"page\">\n\t\t\t\t<div class=\"elementor-element elementor-element-7336676e e-flex e-con-boxed e-con e-parent\" data-id=\"7336676e\" data-element_type=\"container\">\n\t\t\t\t\t<div class=\"e-con-inner\">\n\t\t<div class=\"elementor-element elementor-element-6e2b41be e-con-full e-flex e-con e-child\" data-id=\"6e2b41be\" data-element_type=\"container\">\n\t\t\t\t<div class=\"elementor-element elementor-element-5970f43f elementor-widget elementor-widget-image\" data-id=\"5970f43f\" data-element_type=\"widget\" data-widget_type=\"image.default\">\n\t\t\t\t<div class=\"elementor-widget-container\">\n\t\t\t<style>\/*! elementor - v3.23.0 - 05-08-2024 *\/\n.elementor-widget-image{text-align:center}.elementor-widget-image a{display:inline-block}.elementor-widget-image a img[src$=\".svg\"]{width:48px}.elementor-widget-image img{vertical-align:middle;display:inline-block}<\/style>\t\t\t\t\t\t\t\t\t\t<img decoding=\"async\" src=\"https:\/\/neoss-web.azureedge.net\/ARC\/Images\/Arc%20One%20To%20One\/O2O.jpg\" title=\"\" alt=\"\" loading=\"lazy\" \/>\t\t\t\t\t\t\t\t\t\t\t\t\t<\/div>\n\t\t\t\t<\/div>\n\t\t\t\t<\/div>\n\t\t<div class=\"elementor-element elementor-element-7125ef80 e-con-full e-flex e-con e-child\" data-id=\"7125ef80\" data-element_type=\"container\">\n\t\t\t\t<div class=\"elementor-element elementor-element-539a4ebc elementor-widget elementor-widget-heading\" data-id=\"539a4ebc\" data-element_type=\"widget\" data-widget_type=\"heading.default\">\n\t\t\t\t<div class=\"elementor-widget-container\">\n\t\t\t<style>\/*! elementor - v3.23.0 - 05-08-2024 *\/\n.elementor-heading-title{padding:0;margin:0;line-height:1}.elementor-widget-heading .elementor-heading-title[class*=elementor-size-]>a{color:inherit;font-size:inherit;line-height:inherit}.elementor-widget-heading .elementor-heading-title.elementor-size-small{font-size:15px}.elementor-widget-heading .elementor-heading-title.elementor-size-medium{font-size:19px}.elementor-widget-heading .elementor-heading-title.elementor-size-large{font-size:29px}.elementor-widget-heading .elementor-heading-title.elementor-size-xl{font-size:39px}.elementor-widget-heading .elementor-heading-title.elementor-size-xxl{font-size:59px}<\/style><div class=\"elementor-heading-title elementor-size-default\"><h2 class=\"aa-title\">\n                                    OneToOne\u2122\n                                <\/h2>\n<\/div>\t\t<\/div>\n\t\t\t\t<\/div>\n\t\t\t\t<div class=\"elementor-element elementor-element-559bb3c6 elementor-widget elementor-widget-text-editor\" data-id=\"559bb3c6\" data-element_type=\"widget\" data-widget_type=\"text-editor.default\">\n\t\t\t\t<div class=\"elementor-widget-container\">\n\t\t\t<style>\/*! elementor - v3.23.0 - 05-08-2024 *\/\n.elementor-widget-text-editor.elementor-drop-cap-view-stacked .elementor-drop-cap{background-color:#69727d;color:#fff}.elementor-widget-text-editor.elementor-drop-cap-view-framed .elementor-drop-cap{color:#69727d;border:3px solid;background-color:transparent}.elementor-widget-text-editor:not(.elementor-drop-cap-view-default) .elementor-drop-cap{margin-top:8px}.elementor-widget-text-editor:not(.elementor-drop-cap-view-default) .elementor-drop-cap-letter{width:1em;height:1em}.elementor-widget-text-editor .elementor-drop-cap{float:left;text-align:center;line-height:1;font-size:50px}.elementor-widget-text-editor .elementor-drop-cap-letter{display:inline-block}<\/style>\t\t\t\t<div class=\"aa-big-column__body checkmark-list\">\n                                <p>Eine schraubretinierte Implantatkonstruktion, kompatibel mit den f\u00fchrenden Implantatsystemen, bei der die Schraubkan\u00e4le wie gewohnt bis zu 28 Grad anguliert werden k\u00f6nnen.<\/p>\n<p>Wir designen den Steg und die Sekund\u00e4rkonstruktion. Anschlie\u00dfend fr\u00e4sen wir den Steg aus Titan, w\u00e4hrend die Sekund\u00e4rkonstruktion entweder von uns in Zirkonoxid oder PMMA hergestellt wird \u2013 oder Sie fertigen die Sekund\u00e4rstruktur selbst In-house anhand der von uns bereitgestellten STL-Datei.<\/p>\n<p>Der Vorteil von OneToOne liegt in seiner \u00e4sthetischen Stabilit\u00e4t, und es sind nicht dieselben Einschr\u00e4nkungen oder Bef\u00fcrchtungen erforderlich, dass Basen sich l\u00f6sen, wie bei Titanbasenl\u00f6sungen. Genie\u00dfen Sie einen einfachen und effizienten Workflow \u2013 egal ob Sie digitale oder analoge Prozesse bevorzugen.<\/p>\n                            <\/div>\t\t\t\t\t\t<\/div>\n\t\t\t\t<\/div>\n\t\t<div class=\"elementor-element elementor-element-344b8268 e-con-full e-flex e-con e-child\" data-id=\"344b8268\" data-element_type=\"container\">\n\t\t\t\t<div class=\"elementor-element elementor-element-5fead288 red-button elementor-widget elementor-widget-button\" data-id=\"5fead288\" data-element_type=\"widget\" data-widget_type=\"button.default\">\n\t\t\t\t<div class=\"elementor-widget-container\">\n\t\t\t\t\t<div class=\"elementor-button-wrapper\">\n\t\t\t<a class=\"elementor-button elementor-button-link elementor-size-sm\" href=\"https:\/\/www.neoss-cadcam.de\/shop\/\">\n\t\t\t\t\t\t<span class=\"elementor-button-content-wrapper\">\n\t\t\t\t\t\t\t\t\t<span class=\"elementor-button-text\">Jetzt bestellen<\/span>\n\t\t\t\t\t<\/span>\n\t\t\t\t\t<\/a>\n\t\t<\/div>\n\t\t\t\t<\/div>\n\t\t\t\t<\/div>\n\t\t\t\t<\/div>\n\t\t\t\t<\/div>\n\t\t\t\t\t<\/div>\n\t\t\t\t<\/div>\n\t\t<div class=\"elementor-element elementor-element-78736205 e-flex e-con-boxed e-con e-parent\" data-id=\"78736205\" data-element_type=\"container\" data-settings=\"{&quot;background_background&quot;:&quot;gradient&quot;}\">\n\t\t\t\t\t<div class=\"e-con-inner\">\n\t\t\t\t<div class=\"elementor-element elementor-element-5d6f1b8 elementor-widget__width-initial elementor-widget elementor-widget-heading\" data-id=\"5d6f1b8\" data-element_type=\"widget\" data-widget_type=\"heading.default\">\n\t\t\t\t<div class=\"elementor-widget-container\">\n\t\t\t<h4 class=\"elementor-heading-title elementor-size-default\">Registrieren Sie sich jetzt f\u00fcr unseren Newsletter! Wir informieren Sie \u00fcber exklusive Angebote, die neuesten Updates und mehr!\n<\/h4>\t\t<\/div>\n\t\t\t\t<\/div>\n\t\t\t\t<div class=\"elementor-element elementor-element-4ed35362 transparent-button elementor-widget elementor-widget-button\" data-id=\"4ed35362\" data-element_type=\"widget\" data-widget_type=\"button.default\">\n\t\t\t\t<div class=\"elementor-widget-container\">\n\t\t\t\t\t<div class=\"elementor-button-wrapper\">\n\t\t\t<a class=\"elementor-button elementor-button-link elementor-size-sm\" href=\"\/email-subscription-1\">\n\t\t\t\t\t\t<span class=\"elementor-button-content-wrapper\">\n\t\t\t\t\t\t\t\t\t<span class=\"elementor-button-text\">Abonnieren<\/span>\n\t\t\t\t\t<\/span>\n\t\t\t\t\t<\/a>\n\t\t<\/div>\n\t\t\t\t<\/div>\n\t\t\t\t<\/div>\n\t\t\t\t\t<\/div>\n\t\t\t\t<\/div>\n\t\t<div class=\"elementor-element elementor-element-2f7485f8 e-flex e-con-boxed e-con e-parent\" data-id=\"2f7485f8\" data-element_type=\"container\">\n\t\t\t\t\t<div class=\"e-con-inner\">\n\t\t<div class=\"elementor-element elementor-element-2b9658ff e-flex e-con-boxed e-con e-child\" data-id=\"2b9658ff\" data-element_type=\"container\">\n\t\t\t\t\t<div class=\"e-con-inner\">\n\t\t\t\t<div class=\"elementor-element elementor-element-6d67fb74 elementor-widget elementor-widget-heading\" data-id=\"6d67fb74\" data-element_type=\"widget\" data-widget_type=\"heading.default\">\n\t\t\t\t<div class=\"elementor-widget-container\">\n\t\t\t<span class=\"elementor-heading-title elementor-size-default\">Kontaktieren Sie uns bez\u00fcglich\n<\/span>\t\t<\/div>\n\t\t\t\t<\/div>\n\t\t\t\t<div class=\"elementor-element elementor-element-22e375c7 elementor-widget elementor-widget-heading\" data-id=\"22e375c7\" data-element_type=\"widget\" data-widget_type=\"heading.default\">\n\t\t\t\t<div class=\"elementor-widget-container\">\n\t\t\t<h3 class=\"elementor-heading-title elementor-size-default\">OneToOne\u2122<\/h3>\t\t<\/div>\n\t\t\t\t<\/div>\n\t\t\t\t<div class=\"elementor-element elementor-element-2604ff8 elementor-widget elementor-widget-hubspot-form\" data-id=\"2604ff8\" data-element_type=\"widget\" data-widget_type=\"hubspot-form.default\">\n\t\t\t\t<div class=\"elementor-widget-container\">\n\t\t\t\n\t\t\t\t\t<script>\n\t\t\t\t\t\twindow.hsFormsOnReady = window.hsFormsOnReady || [];\n\t\t\t\t\t\twindow.hsFormsOnReady.push(()=>{\n\t\t\t\t\t\t\thbspt.forms.create({\n\t\t\t\t\t\t\t\tportalId: 19798429,\n\t\t\t\t\t\t\t\tformId: \"8da1eb5a-bd07-4a8c-ac34-56d24629f935\",\n\t\t\t\t\t\t\t\ttarget: \"#hbspt-form-1777465648000-7531338310\",\n\t\t\t\t\t\t\t\tregion: \"na1\",\n\t\t\t\t\t\t\t\t\n\t\t\t\t\t\t})});\n\t\t\t\t\t<\/script>\n\t\t\t\t\t<div class=\"hbspt-form\" id=\"hbspt-form-1777465648000-7531338310\"><\/div>\t\t<\/div>\n\t\t\t\t<\/div>\n\t\t\t\t\t<\/div>\n\t\t\t\t<\/div>\n\t\t<div class=\"elementor-element elementor-element-47a31fc2 e-con-full e-flex e-con e-child\" data-id=\"47a31fc2\" data-element_type=\"container\" data-settings=\"{&quot;background_background&quot;:&quot;classic&quot;}\">\n\t\t\t\t<div class=\"elementor-element elementor-element-62379564 p-bottom-cover elementor-widget elementor-widget-image\" data-id=\"62379564\" data-element_type=\"widget\" data-widget_type=\"image.default\">\n\t\t\t\t<div class=\"elementor-widget-container\">\n\t\t\t\t\t\t\t\t\t\t\t\t\t<img decoding=\"async\" src=\"https:\/\/blob.arcsolutions.se\/CU3.jpg\" title=\"\" alt=\"\" loading=\"lazy\" \/>\t\t\t\t\t\t\t\t\t\t\t\t\t<\/div>\n\t\t\t\t<\/div>\n\t\t\t\t<\/div>\n\t\t\t\t\t<\/div>\n\t\t\t\t<\/div>\n\t\t\t\t<\/div>\n\t\t","protected":false},"excerpt":{"rendered":"<p>OneToOne\u2122 Eine schraubretinierte Implantatkonstruktion, kompatibel mit den f\u00fchrenden Implantatsystemen, bei der die Schraubkan\u00e4le wie gewohnt bis zu 28 Grad anguliert werden k\u00f6nnen. Wir designen den Steg und die Sekund\u00e4rkonstruktion. Anschlie\u00dfend fr\u00e4sen wir den Steg aus Titan, w\u00e4hrend die Sekund\u00e4rkonstruktion entweder von uns in Zirkonoxid oder PMMA hergestellt wird \u2013 oder Sie fertigen die Sekund\u00e4rstruktur selbst [&hellip;]<\/p>\n","protected":false},"author":4,"featured_media":0,"parent":0,"menu_order":0,"comment_status":"closed","ping_status":"closed","template":"","meta":{"_acf_changed":false,"content-type":"","_relevanssi_hide_post":"","_relevanssi_hide_content":"","_relevanssi_pin_for_all":"","_relevanssi_pin_keywords":"","_relevanssi_unpin_keywords":"","_relevanssi_related_keywords":"","_relevanssi_related_include_ids":"","_relevanssi_related_exclude_ids":"","_relevanssi_related_no_append":"","_relevanssi_related_not_related":"","_relevanssi_related_posts":"","_relevanssi_noindex_reason":"","footnotes":""},"categories":[],"tags":[],"page_type":[],"class_list":["post-7635","page","type-page","status-publish","hentry"],"acf":[],"yoast_head":"<!-- This site is optimized with the Yoast SEO Premium plugin v24.8 (Yoast SEO v24.8.1) - https:\/\/yoast.com\/wordpress\/plugins\/seo\/ -->\n<title>OneToOne\u2122<\/title>\n<meta name=\"robots\" content=\"noindex, follow, max-snippet:-1, max-image-preview:large, max-video-preview:-1\" \/>\n<meta property=\"og:locale\" content=\"en_US\" \/>\n<meta property=\"og:type\" content=\"article\" \/>\n<meta property=\"og:title\" content=\"OneToOne\u2122\" \/>\n<meta property=\"og:description\" content=\"OneToOne\u2122 Eine schraubretinierte Implantatkonstruktion, kompatibel mit den f\u00fchrenden Implantatsystemen, bei der die Schraubkan\u00e4le wie gewohnt bis zu 28 Grad anguliert werden k\u00f6nnen. Wir designen den Steg und die Sekund\u00e4rkonstruktion. Anschlie\u00dfend fr\u00e4sen wir den Steg aus Titan, w\u00e4hrend die Sekund\u00e4rkonstruktion entweder von uns in Zirkonoxid oder PMMA hergestellt wird \u2013 oder Sie fertigen die Sekund\u00e4rstruktur selbst [&hellip;]\" \/>\n<meta property=\"og:url\" content=\"https:\/\/www.arcsolutions.se\/de\/onetoone\/\" \/>\n<meta property=\"og:site_name\" content=\"Germany\" \/>\n<meta property=\"article:modified_time\" content=\"2026-01-09T16:01:10+00:00\" \/>\n<meta property=\"og:image\" content=\"https:\/\/neoss-web.azureedge.net\/ARC\/Images\/Arc%20One%20To%20One\/O2O.jpg\" \/>\n<meta name=\"twitter:card\" content=\"summary_large_image\" \/>\n<meta name=\"twitter:label1\" content=\"Est. reading time\" \/>\n\t<meta name=\"twitter:data1\" content=\"4 minutes\" \/>\n<script type=\"application\/ld+json\" class=\"yoast-schema-graph\">{\"@context\":\"https:\/\/schema.org\",\"@graph\":[{\"@type\":\"WebPage\",\"@id\":\"https:\/\/www.arcsolutions.se\/de\/onetoone\/\",\"url\":\"https:\/\/www.arcsolutions.se\/de\/onetoone\/\",\"name\":\"OneToOne\u2122\",\"isPartOf\":{\"@id\":\"https:\/\/www.arcsolutions.se\/de\/#website\"},\"primaryImageOfPage\":{\"@id\":\"https:\/\/www.arcsolutions.se\/de\/onetoone\/#primaryimage\"},\"image\":{\"@id\":\"https:\/\/www.arcsolutions.se\/de\/onetoone\/#primaryimage\"},\"thumbnailUrl\":\"https:\/\/neoss-web.azureedge.net\/ARC\/Images\/Arc%20One%20To%20One\/O2O.jpg\",\"datePublished\":\"2025-04-29T07:41:43+00:00\",\"dateModified\":\"2026-01-09T16:01:10+00:00\",\"breadcrumb\":{\"@id\":\"https:\/\/www.arcsolutions.se\/de\/onetoone\/#breadcrumb\"},\"inLanguage\":\"en-US\",\"potentialAction\":[{\"@type\":\"ReadAction\",\"target\":[\"https:\/\/www.arcsolutions.se\/de\/onetoone\/\"]}]},{\"@type\":\"ImageObject\",\"inLanguage\":\"en-US\",\"@id\":\"https:\/\/www.arcsolutions.se\/de\/onetoone\/#primaryimage\",\"url\":\"https:\/\/neoss-web.azureedge.net\/ARC\/Images\/Arc%20One%20To%20One\/O2O.jpg\",\"contentUrl\":\"https:\/\/neoss-web.azureedge.net\/ARC\/Images\/Arc%20One%20To%20One\/O2O.jpg\"},{\"@type\":\"BreadcrumbList\",\"@id\":\"https:\/\/www.arcsolutions.se\/de\/onetoone\/#breadcrumb\",\"itemListElement\":[{\"@type\":\"ListItem\",\"position\":1,\"name\":\"Home\",\"item\":\"https:\/\/www.arcsolutions.se\/de\/\"},{\"@type\":\"ListItem\",\"position\":2,\"name\":\"OneToOne\u2122\"}]},{\"@type\":\"WebSite\",\"@id\":\"https:\/\/www.arcsolutions.se\/de\/#website\",\"url\":\"https:\/\/www.arcsolutions.se\/de\/\",\"name\":\"Germany\",\"description\":\"\",\"potentialAction\":[{\"@type\":\"SearchAction\",\"target\":{\"@type\":\"EntryPoint\",\"urlTemplate\":\"https:\/\/www.arcsolutions.se\/de\/?s={search_term_string}\"},\"query-input\":{\"@type\":\"PropertyValueSpecification\",\"valueRequired\":true,\"valueName\":\"search_term_string\"}}],\"inLanguage\":\"en-US\"}]}<\/script>\n<!-- \/ Yoast SEO Premium plugin. -->","yoast_head_json":{"title":"OneToOne\u2122","robots":{"index":"noindex","follow":"follow","max-snippet":"max-snippet:-1","max-image-preview":"max-image-preview:large","max-video-preview":"max-video-preview:-1"},"og_locale":"en_US","og_type":"article","og_title":"OneToOne\u2122","og_description":"OneToOne\u2122 Eine schraubretinierte Implantatkonstruktion, kompatibel mit den f\u00fchrenden Implantatsystemen, bei der die Schraubkan\u00e4le wie gewohnt bis zu 28 Grad anguliert werden k\u00f6nnen. Wir designen den Steg und die Sekund\u00e4rkonstruktion. Anschlie\u00dfend fr\u00e4sen wir den Steg aus Titan, w\u00e4hrend die Sekund\u00e4rkonstruktion entweder von uns in Zirkonoxid oder PMMA hergestellt wird \u2013 oder Sie fertigen die Sekund\u00e4rstruktur selbst [&hellip;]","og_url":"https:\/\/www.arcsolutions.se\/de\/onetoone\/","og_site_name":"Germany","article_modified_time":"2026-01-09T16:01:10+00:00","og_image":[{"url":"https:\/\/neoss-web.azureedge.net\/ARC\/Images\/Arc%20One%20To%20One\/O2O.jpg","type":"","width":"","height":""}],"twitter_card":"summary_large_image","twitter_misc":{"Est. reading time":"4 minutes"},"schema":{"@context":"https:\/\/schema.org","@graph":[{"@type":"WebPage","@id":"https:\/\/www.arcsolutions.se\/de\/onetoone\/","url":"https:\/\/www.arcsolutions.se\/de\/onetoone\/","name":"OneToOne\u2122","isPartOf":{"@id":"https:\/\/www.arcsolutions.se\/de\/#website"},"primaryImageOfPage":{"@id":"https:\/\/www.arcsolutions.se\/de\/onetoone\/#primaryimage"},"image":{"@id":"https:\/\/www.arcsolutions.se\/de\/onetoone\/#primaryimage"},"thumbnailUrl":"https:\/\/neoss-web.azureedge.net\/ARC\/Images\/Arc%20One%20To%20One\/O2O.jpg","datePublished":"2025-04-29T07:41:43+00:00","dateModified":"2026-01-09T16:01:10+00:00","breadcrumb":{"@id":"https:\/\/www.arcsolutions.se\/de\/onetoone\/#breadcrumb"},"inLanguage":"en-US","potentialAction":[{"@type":"ReadAction","target":["https:\/\/www.arcsolutions.se\/de\/onetoone\/"]}]},{"@type":"ImageObject","inLanguage":"en-US","@id":"https:\/\/www.arcsolutions.se\/de\/onetoone\/#primaryimage","url":"https:\/\/neoss-web.azureedge.net\/ARC\/Images\/Arc%20One%20To%20One\/O2O.jpg","contentUrl":"https:\/\/neoss-web.azureedge.net\/ARC\/Images\/Arc%20One%20To%20One\/O2O.jpg"},{"@type":"BreadcrumbList","@id":"https:\/\/www.arcsolutions.se\/de\/onetoone\/#breadcrumb","itemListElement":[{"@type":"ListItem","position":1,"name":"Home","item":"https:\/\/www.arcsolutions.se\/de\/"},{"@type":"ListItem","position":2,"name":"OneToOne\u2122"}]},{"@type":"WebSite","@id":"https:\/\/www.arcsolutions.se\/de\/#website","url":"https:\/\/www.arcsolutions.se\/de\/","name":"Germany","description":"","potentialAction":[{"@type":"SearchAction","target":{"@type":"EntryPoint","urlTemplate":"https:\/\/www.arcsolutions.se\/de\/?s={search_term_string}"},"query-input":{"@type":"PropertyValueSpecification","valueRequired":true,"valueName":"search_term_string"}}],"inLanguage":"en-US"}]}},"_links":{"self":[{"href":"https:\/\/www.arcsolutions.se\/de\/wp-json\/wp\/v2\/pages\/7635","targetHints":{"allow":["GET"]}}],"collection":[{"href":"https:\/\/www.arcsolutions.se\/de\/wp-json\/wp\/v2\/pages"}],"about":[{"href":"https:\/\/www.arcsolutions.se\/de\/wp-json\/wp\/v2\/types\/page"}],"author":[{"embeddable":true,"href":"https:\/\/www.arcsolutions.se\/de\/wp-json\/wp\/v2\/users\/4"}],"replies":[{"embeddable":true,"href":"https:\/\/www.arcsolutions.se\/de\/wp-json\/wp\/v2\/comments?post=7635"}],"version-history":[{"count":8,"href":"https:\/\/www.arcsolutions.se\/de\/wp-json\/wp\/v2\/pages\/7635\/revisions"}],"predecessor-version":[{"id":8223,"href":"https:\/\/www.arcsolutions.se\/de\/wp-json\/wp\/v2\/pages\/7635\/revisions\/8223"}],"wp:attachment":[{"href":"https:\/\/www.arcsolutions.se\/de\/wp-json\/wp\/v2\/media?parent=7635"}],"wp:term":[{"taxonomy":"category","embeddable":true,"href":"https:\/\/www.arcsolutions.se\/de\/wp-json\/wp\/v2\/categories?post=7635"},{"taxonomy":"post_tag","embeddable":true,"href":"https:\/\/www.arcsolutions.se\/de\/wp-json\/wp\/v2\/tags?post=7635"},{"taxonomy":"page_type","embeddable":true,"href":"https:\/\/www.arcsolutions.se\/de\/wp-json\/wp\/v2\/page_type?post=7635"}],"curies":[{"name":"wp","href":"https:\/\/api.w.org\/{rel}","templated":true}]}}