{"id":7643,"date":"2025-04-29T18:00:28","date_gmt":"2025-04-29T10:00:28","guid":{"rendered":"https:\/\/www.arcsolutions.se\/de\/?page_id=7643"},"modified":"2026-01-10T00:03:36","modified_gmt":"2026-01-09T16:03:36","slug":"lab-components","status":"publish","type":"page","link":"https:\/\/www.arcsolutions.se\/de\/lab-components\/","title":{"rendered":"Lab Components"},"content":{"rendered":"\t\t<div data-elementor-type=\"wp-page\" data-elementor-id=\"7643\" class=\"elementor elementor-7643\" data-elementor-post-type=\"page\">\n\t\t\t\t<div class=\"elementor-element elementor-element-16008f86 e-con-full e-flex e-con e-parent\" data-id=\"16008f86\" data-element_type=\"container\">\n\t\t<div class=\"elementor-element elementor-element-5106e7d e-con-full e-flex e-con e-child\" data-id=\"5106e7d\" data-element_type=\"container\">\n\t\t\t\t<div class=\"elementor-element elementor-element-5743bb51 elementor-widget elementor-widget-heading\" data-id=\"5743bb51\" data-element_type=\"widget\" data-widget_type=\"heading.default\">\n\t\t\t\t<div class=\"elementor-widget-container\">\n\t\t\t<style>\/*! elementor - v3.23.0 - 05-08-2024 *\/\n.elementor-heading-title{padding:0;margin:0;line-height:1}.elementor-widget-heading .elementor-heading-title[class*=elementor-size-]>a{color:inherit;font-size:inherit;line-height:inherit}.elementor-widget-heading .elementor-heading-title.elementor-size-small{font-size:15px}.elementor-widget-heading .elementor-heading-title.elementor-size-medium{font-size:19px}.elementor-widget-heading .elementor-heading-title.elementor-size-large{font-size:29px}.elementor-widget-heading .elementor-heading-title.elementor-size-xl{font-size:39px}.elementor-widget-heading .elementor-heading-title.elementor-size-xxl{font-size:59px}<\/style><h2 class=\"elementor-heading-title elementor-size-default\">Klinische Schrauben\n<\/h2>\t\t<\/div>\n\t\t\t\t<\/div>\n\t\t\t\t<div class=\"elementor-element elementor-element-b650171 elementor-widget elementor-widget-text-editor\" data-id=\"b650171\" data-element_type=\"widget\" data-widget_type=\"text-editor.default\">\n\t\t\t\t<div class=\"elementor-widget-container\">\n\t\t\t<style>\/*! elementor - v3.23.0 - 05-08-2024 *\/\n.elementor-widget-text-editor.elementor-drop-cap-view-stacked .elementor-drop-cap{background-color:#69727d;color:#fff}.elementor-widget-text-editor.elementor-drop-cap-view-framed .elementor-drop-cap{color:#69727d;border:3px solid;background-color:transparent}.elementor-widget-text-editor:not(.elementor-drop-cap-view-default) .elementor-drop-cap{margin-top:8px}.elementor-widget-text-editor:not(.elementor-drop-cap-view-default) .elementor-drop-cap-letter{width:1em;height:1em}.elementor-widget-text-editor .elementor-drop-cap{float:left;text-align:center;line-height:1;font-size:50px}.elementor-widget-text-editor .elementor-drop-cap-letter{display:inline-block}<\/style>\t\t\t\t<div class=\"aa-big-column__body checkmark-list\">\n                                <p><span>ARC klinische Schrauben sind f\u00fcr maximale Angulierung und au\u00dfergew\u00f6hnliche Stabilit\u00e4t entwickelt. Wir verstehen die entscheidende Rolle, die Stabilit\u00e4t bei Implantatrestaurationen spielt, und unsere Schrauben sind speziell darauf ausgelegt, zuverl\u00e4ssige Leistung zu bieten.<\/span><\/p>\n<p><span>Um die Funktionalit\u00e4t zu optimieren und die Leistung zu verbessern, durchlaufen alle unsere klinischen Schrauben einen speziellen Beschichtungsprozess. Diese Beschichtung sorgt nicht nur f\u00fcr eine optimale Vorspannung, sondern tr\u00e4gt auch zur Langlebigkeit und Zuverl\u00e4ssigkeit des Implantatsystems bei.<\/span><\/p>\n                            <\/div>\t\t\t\t\t\t<\/div>\n\t\t\t\t<\/div>\n\t\t\t\t<\/div>\n\t\t<div class=\"elementor-element elementor-element-6d49681f e-con-full e-flex e-con e-child\" data-id=\"6d49681f\" data-element_type=\"container\">\n\t\t\t\t<div class=\"elementor-element elementor-element-45bc8a09 elementor-widget elementor-widget-image\" data-id=\"45bc8a09\" data-element_type=\"widget\" data-widget_type=\"image.default\">\n\t\t\t\t<div class=\"elementor-widget-container\">\n\t\t\t<style>\/*! elementor - v3.23.0 - 05-08-2024 *\/\n.elementor-widget-image{text-align:center}.elementor-widget-image a{display:inline-block}.elementor-widget-image a img[src$=\".svg\"]{width:48px}.elementor-widget-image img{vertical-align:middle;display:inline-block}<\/style>\t\t\t\t\t\t\t\t\t\t<img decoding=\"async\" src=\"https:\/\/neoss-web.azureedge.net\/ARC\/Images\/Arc%20Components\/ARC%20Screws.jpg\" title=\"\" alt=\"NeoTell hero\" loading=\"lazy\" \/>\t\t\t\t\t\t\t\t\t\t\t\t\t<\/div>\n\t\t\t\t<\/div>\n\t\t\t\t<\/div>\n\t\t\t\t<\/div>\n\t\t<div class=\"elementor-element elementor-element-afa0c18 e-con-full e-flex e-con e-parent\" data-id=\"afa0c18\" data-element_type=\"container\">\n\t\t<div class=\"elementor-element elementor-element-6644a82 e-con-full e-flex e-con e-child\" data-id=\"6644a82\" data-element_type=\"container\">\n\t\t\t\t<div class=\"elementor-element elementor-element-ead0024 elementor-widget elementor-widget-image\" data-id=\"ead0024\" data-element_type=\"widget\" data-widget_type=\"image.default\">\n\t\t\t\t<div class=\"elementor-widget-container\">\n\t\t\t\t\t\t\t\t\t\t\t\t\t<img decoding=\"async\" src=\"https:\/\/neoss-web.azureedge.net\/ARC\/Images\/Arc%20Components\/Screw%20connections1.png\" title=\"\" alt=\"NeoTell hero\" loading=\"lazy\" \/>\t\t\t\t\t\t\t\t\t\t\t\t\t<\/div>\n\t\t\t\t<\/div>\n\t\t\t\t<\/div>\n\t\t<div class=\"elementor-element elementor-element-31979f7 e-con-full e-flex e-con e-child\" data-id=\"31979f7\" data-element_type=\"container\">\n\t\t\t\t<div class=\"elementor-element elementor-element-2cd89be elementor-widget elementor-widget-heading\" data-id=\"2cd89be\" data-element_type=\"widget\" data-widget_type=\"heading.default\">\n\t\t\t\t<div class=\"elementor-widget-container\">\n\t\t\t<h2 class=\"elementor-heading-title elementor-size-default\">Schraubenzieher-Kompatibilit\u00e4t\n<\/h2>\t\t<\/div>\n\t\t\t\t<\/div>\n\t\t\t\t<div class=\"elementor-element elementor-element-86680f3 elementor-widget elementor-widget-text-editor\" data-id=\"86680f3\" data-element_type=\"widget\" data-widget_type=\"text-editor.default\">\n\t\t\t\t<div class=\"elementor-widget-container\">\n\t\t\t\t\t\t\t<div class=\"aa-big-column__body checkmark-list\"><div class=\"span4 widget-span widget-type-cell dnd-column\" data-widget-type=\"cell\" data-x=\"4\" data-w=\"4\"><div class=\"row-fluid-wrapper row-depth-1 row-number-3 dnd-row\"><div class=\"row-fluid \"><div class=\"span12 widget-span widget-type-custom_widget dnd-module\" data-widget-type=\"custom_widget\" data-x=\"0\" data-w=\"12\"><div id=\"hs_cos_wrapper_module_16838816095443\" class=\"hs_cos_wrapper hs_cos_wrapper_widget hs_cos_wrapper_type_module\" data-hs-cos-general-type=\"widget\" data-hs-cos-type=\"module\"><section class=\"\n            aa-big-columns\n            aa-module\n            aa-module-spacing-top--none\n            aa-module-spacing-bottom--none\n            \n            aa-big-columns--no-spacing\n        \"><div class=\"aa-inner\"><div class=\"aa-big-columns__body\"><div class=\"aa-big-column\n                aa-bg-\n                aa-content-color--\n                \"><div class=\"aa-big-column-text\"><div class=\"aa-big-column-text__inner\"><div class=\"aa-big-column__body checkmark-list\"><p>Unsere Schrauben f\u00fcr gerade Schraubkan\u00e4le sind mit den originalen Schraubenziehern kompatibel. F\u00fcr ARC angulierte Schraubkan\u00e4le wird der hexalobulare Schraubenzieher verwendet.<\/p><\/div><\/div><\/div><\/div><\/div><\/div><\/section><\/div><\/div><\/div><\/div><\/div><div class=\"span4 widget-span widget-type-cell dnd-column\" data-widget-type=\"cell\" data-x=\"8\" data-w=\"4\"><div class=\"row-fluid-wrapper row-depth-1 row-number-4 dnd-row\"><div class=\"row-fluid \"><div class=\"span12 widget-span widget-type-custom_widget dnd-module\" data-widget-type=\"custom_widget\" data-x=\"0\" data-w=\"12\"><div id=\"hs_cos_wrapper_module_16838808739673\" class=\"hs_cos_wrapper hs_cos_wrapper_widget hs_cos_wrapper_type_module\" data-hs-cos-general-type=\"widget\" data-hs-cos-type=\"module\"><section class=\"\n            aa-big-columns\n            aa-module\n            aa-module-spacing-top--none\n            aa-module-spacing-bottom--none\n            aa-big-columns--reversed\n            aa-big-columns--no-spacing\n        \"><div class=\"aa-inner\"><div class=\"aa-big-columns__body\"><div class=\"aa-big-column\n                aa-bg-\n                aa-content-color--\n                \"><div class=\"aa-big-column-image aa-object-cover \">\u00a0<\/div><\/div><\/div><\/div><\/section><\/div><\/div><\/div><\/div><\/div><\/div>\t\t\t\t\t\t<\/div>\n\t\t\t\t<\/div>\n\t\t\t\t<\/div>\n\t\t\t\t<\/div>\n\t\t<div class=\"elementor-element elementor-element-71e350d e-con-full e-flex e-con e-parent\" data-id=\"71e350d\" data-element_type=\"container\">\n\t\t<div class=\"elementor-element elementor-element-a0f0f9f e-con-full e-flex e-con e-child\" data-id=\"a0f0f9f\" data-element_type=\"container\">\n\t\t\t\t<div class=\"elementor-element elementor-element-583d551 elementor-widget elementor-widget-heading\" data-id=\"583d551\" data-element_type=\"widget\" data-widget_type=\"heading.default\">\n\t\t\t\t<div class=\"elementor-widget-container\">\n\t\t\t<h2 class=\"elementor-heading-title elementor-size-default\">Laborkomponenten<\/h2>\t\t<\/div>\n\t\t\t\t<\/div>\n\t\t\t\t<div class=\"elementor-element elementor-element-7ca3950 elementor-widget elementor-widget-text-editor\" data-id=\"7ca3950\" data-element_type=\"widget\" data-widget_type=\"text-editor.default\">\n\t\t\t\t<div class=\"elementor-widget-container\">\n\t\t\t\t\t\t\t<div class=\"aa-big-column__body checkmark-list\">\n                                <p><span>Unsere blauen Laborschrauben sind mit der originalen Schraube f\u00fcr gerade Schraubkan\u00e4le kompatibel. Wir bieten auch unsere blauen Laborschrauben f\u00fcr ARC angulierte Schraubkan\u00e4le an.<\/span><\/p>\n<p><span>Zus\u00e4tzlich bieten wir nicht-engagierende Labork\u00f6pfe f\u00fcr die g\u00e4ngigsten Plattformen an.<\/span><\/p>\n                            <\/div>\t\t\t\t\t\t<\/div>\n\t\t\t\t<\/div>\n\t\t\t\t<\/div>\n\t\t<div class=\"elementor-element elementor-element-8d4da35 e-con-full e-flex e-con e-child\" data-id=\"8d4da35\" data-element_type=\"container\">\n\t\t\t\t<div class=\"elementor-element elementor-element-2459eda elementor-widget elementor-widget-image\" data-id=\"2459eda\" data-element_type=\"widget\" data-widget_type=\"image.default\">\n\t\t\t\t<div class=\"elementor-widget-container\">\n\t\t\t\t\t\t\t\t\t\t\t\t\t<img decoding=\"async\" src=\"https:\/\/neoss-web.azureedge.net\/ARC\/Images\/Arc%20Components\/Temp%20copings.jpg\" title=\"\" alt=\"NeoTell hero\" loading=\"lazy\" \/>\t\t\t\t\t\t\t\t\t\t\t\t\t<\/div>\n\t\t\t\t<\/div>\n\t\t\t\t<\/div>\n\t\t\t\t<\/div>\n\t\t<div class=\"elementor-element elementor-element-78736205 e-flex e-con-boxed e-con e-parent\" data-id=\"78736205\" data-element_type=\"container\" data-settings=\"{&quot;background_background&quot;:&quot;gradient&quot;}\">\n\t\t\t\t\t<div class=\"e-con-inner\">\n\t\t\t\t<div class=\"elementor-element elementor-element-5d6f1b8 elementor-widget__width-initial elementor-widget elementor-widget-heading\" data-id=\"5d6f1b8\" data-element_type=\"widget\" data-widget_type=\"heading.default\">\n\t\t\t\t<div class=\"elementor-widget-container\">\n\t\t\t<h4 class=\"elementor-heading-title elementor-size-default\">Registrieren Sie sich jetzt f\u00fcr unseren Newsletter! Wir informieren Sie \u00fcber exklusive Angebote, die neuesten Updates und mehr!\n<\/h4>\t\t<\/div>\n\t\t\t\t<\/div>\n\t\t\t\t<div class=\"elementor-element elementor-element-4ed35362 transparent-button elementor-widget elementor-widget-button\" data-id=\"4ed35362\" data-element_type=\"widget\" data-widget_type=\"button.default\">\n\t\t\t\t<div class=\"elementor-widget-container\">\n\t\t\t\t\t<div class=\"elementor-button-wrapper\">\n\t\t\t<a class=\"elementor-button elementor-button-link elementor-size-sm\" href=\"\/email-subscription-1\">\n\t\t\t\t\t\t<span class=\"elementor-button-content-wrapper\">\n\t\t\t\t\t\t\t\t\t<span class=\"elementor-button-text\">Abonnieren<\/span>\n\t\t\t\t\t<\/span>\n\t\t\t\t\t<\/a>\n\t\t<\/div>\n\t\t\t\t<\/div>\n\t\t\t\t<\/div>\n\t\t\t\t\t<\/div>\n\t\t\t\t<\/div>\n\t\t<div class=\"elementor-element elementor-element-2f7485f8 e-flex e-con-boxed e-con e-parent\" data-id=\"2f7485f8\" data-element_type=\"container\">\n\t\t\t\t\t<div class=\"e-con-inner\">\n\t\t<div class=\"elementor-element elementor-element-2b9658ff e-flex e-con-boxed e-con e-child\" data-id=\"2b9658ff\" data-element_type=\"container\">\n\t\t\t\t\t<div class=\"e-con-inner\">\n\t\t\t\t<div class=\"elementor-element elementor-element-6d67fb74 elementor-widget elementor-widget-heading\" data-id=\"6d67fb74\" data-element_type=\"widget\" data-widget_type=\"heading.default\">\n\t\t\t\t<div class=\"elementor-widget-container\">\n\t\t\t<span class=\"elementor-heading-title elementor-size-default\">Kontaktieren Sie uns bez\u00fcglich\n<\/span>\t\t<\/div>\n\t\t\t\t<\/div>\n\t\t\t\t<div class=\"elementor-element elementor-element-22e375c7 elementor-widget elementor-widget-heading\" data-id=\"22e375c7\" data-element_type=\"widget\" data-widget_type=\"heading.default\">\n\t\t\t\t<div class=\"elementor-widget-container\">\n\t\t\t<h3 class=\"elementor-heading-title elementor-size-default\">Komponenten<\/h3>\t\t<\/div>\n\t\t\t\t<\/div>\n\t\t\t\t<div class=\"elementor-element elementor-element-eacc8bf elementor-widget elementor-widget-hubspot-form\" data-id=\"eacc8bf\" data-element_type=\"widget\" data-widget_type=\"hubspot-form.default\">\n\t\t\t\t<div class=\"elementor-widget-container\">\n\t\t\t\n\t\t\t\t\t<script>\n\t\t\t\t\t\twindow.hsFormsOnReady = window.hsFormsOnReady || [];\n\t\t\t\t\t\twindow.hsFormsOnReady.push(()=>{\n\t\t\t\t\t\t\thbspt.forms.create({\n\t\t\t\t\t\t\t\tportalId: 19798429,\n\t\t\t\t\t\t\t\tformId: \"8da1eb5a-bd07-4a8c-ac34-56d24629f935\",\n\t\t\t\t\t\t\t\ttarget: \"#hbspt-form-1777465657000-4345511391\",\n\t\t\t\t\t\t\t\tregion: \"na1\",\n\t\t\t\t\t\t\t\t\n\t\t\t\t\t\t})});\n\t\t\t\t\t<\/script>\n\t\t\t\t\t<div class=\"hbspt-form\" id=\"hbspt-form-1777465657000-4345511391\"><\/div>\t\t<\/div>\n\t\t\t\t<\/div>\n\t\t\t\t\t<\/div>\n\t\t\t\t<\/div>\n\t\t<div class=\"elementor-element elementor-element-47a31fc2 e-con-full e-flex e-con e-child\" data-id=\"47a31fc2\" data-element_type=\"container\" data-settings=\"{&quot;background_background&quot;:&quot;classic&quot;}\">\n\t\t\t\t<div class=\"elementor-element elementor-element-62379564 p-bottom-cover elementor-widget elementor-widget-image\" data-id=\"62379564\" data-element_type=\"widget\" data-widget_type=\"image.default\">\n\t\t\t\t<div class=\"elementor-widget-container\">\n\t\t\t\t\t\t\t\t\t\t\t\t\t<img decoding=\"async\" src=\"https:\/\/neoss-web.azureedge.net\/ARC\/Images\/Stock%20images\/CU4.jpg\" title=\"\" alt=\"\" loading=\"lazy\" \/>\t\t\t\t\t\t\t\t\t\t\t\t\t<\/div>\n\t\t\t\t<\/div>\n\t\t\t\t<\/div>\n\t\t\t\t\t<\/div>\n\t\t\t\t<\/div>\n\t\t\t\t<\/div>\n\t\t","protected":false},"excerpt":{"rendered":"<p>Klinische Schrauben ARC klinische Schrauben sind f\u00fcr maximale Angulierung und au\u00dfergew\u00f6hnliche Stabilit\u00e4t entwickelt. Wir verstehen die entscheidende Rolle, die Stabilit\u00e4t bei Implantatrestaurationen spielt, und unsere Schrauben sind speziell darauf ausgelegt, zuverl\u00e4ssige Leistung zu bieten. Um die Funktionalit\u00e4t zu optimieren und die Leistung zu verbessern, durchlaufen alle unsere klinischen Schrauben einen speziellen Beschichtungsprozess. Diese Beschichtung sorgt [&hellip;]<\/p>\n","protected":false},"author":4,"featured_media":0,"parent":0,"menu_order":0,"comment_status":"closed","ping_status":"closed","template":"","meta":{"_acf_changed":false,"content-type":"","_relevanssi_hide_post":"","_relevanssi_hide_content":"","_relevanssi_pin_for_all":"","_relevanssi_pin_keywords":"","_relevanssi_unpin_keywords":"","_relevanssi_related_keywords":"","_relevanssi_related_include_ids":"","_relevanssi_related_exclude_ids":"","_relevanssi_related_no_append":"","_relevanssi_related_not_related":"","_relevanssi_related_posts":"","_relevanssi_noindex_reason":"","footnotes":""},"categories":[],"tags":[],"page_type":[],"class_list":["post-7643","page","type-page","status-publish","hentry"],"acf":[],"yoast_head":"<!-- This site is optimized with the Yoast SEO Premium plugin v24.8 (Yoast SEO v24.8.1) - https:\/\/yoast.com\/wordpress\/plugins\/seo\/ -->\n<title>Lab Components<\/title>\n<meta name=\"robots\" content=\"noindex, follow, max-snippet:-1, max-image-preview:large, max-video-preview:-1\" \/>\n<meta property=\"og:locale\" content=\"en_US\" \/>\n<meta property=\"og:type\" content=\"article\" \/>\n<meta property=\"og:title\" content=\"Lab Components\" \/>\n<meta property=\"og:description\" content=\"Klinische Schrauben ARC klinische Schrauben sind f\u00fcr maximale Angulierung und au\u00dfergew\u00f6hnliche Stabilit\u00e4t entwickelt. Wir verstehen die entscheidende Rolle, die Stabilit\u00e4t bei Implantatrestaurationen spielt, und unsere Schrauben sind speziell darauf ausgelegt, zuverl\u00e4ssige Leistung zu bieten. Um die Funktionalit\u00e4t zu optimieren und die Leistung zu verbessern, durchlaufen alle unsere klinischen Schrauben einen speziellen Beschichtungsprozess. Diese Beschichtung sorgt [&hellip;]\" \/>\n<meta property=\"og:url\" content=\"https:\/\/www.arcsolutions.se\/de\/lab-components\/\" \/>\n<meta property=\"og:site_name\" content=\"Germany\" \/>\n<meta property=\"article:modified_time\" content=\"2026-01-09T16:03:36+00:00\" \/>\n<meta property=\"og:image\" content=\"https:\/\/neoss-web.azureedge.net\/ARC\/Images\/Arc%20Components\/ARC%20Screws.jpg\" \/>\n<meta name=\"twitter:card\" content=\"summary_large_image\" \/>\n<meta name=\"twitter:label1\" content=\"Est. reading time\" \/>\n\t<meta name=\"twitter:data1\" content=\"2 minutes\" \/>\n<script type=\"application\/ld+json\" class=\"yoast-schema-graph\">{\"@context\":\"https:\/\/schema.org\",\"@graph\":[{\"@type\":\"WebPage\",\"@id\":\"https:\/\/www.arcsolutions.se\/de\/lab-components\/\",\"url\":\"https:\/\/www.arcsolutions.se\/de\/lab-components\/\",\"name\":\"Lab Components\",\"isPartOf\":{\"@id\":\"https:\/\/www.arcsolutions.se\/de\/#website\"},\"primaryImageOfPage\":{\"@id\":\"https:\/\/www.arcsolutions.se\/de\/lab-components\/#primaryimage\"},\"image\":{\"@id\":\"https:\/\/www.arcsolutions.se\/de\/lab-components\/#primaryimage\"},\"thumbnailUrl\":\"https:\/\/neoss-web.azureedge.net\/ARC\/Images\/Arc%20Components\/ARC%20Screws.jpg\",\"datePublished\":\"2025-04-29T10:00:28+00:00\",\"dateModified\":\"2026-01-09T16:03:36+00:00\",\"breadcrumb\":{\"@id\":\"https:\/\/www.arcsolutions.se\/de\/lab-components\/#breadcrumb\"},\"inLanguage\":\"en-US\",\"potentialAction\":[{\"@type\":\"ReadAction\",\"target\":[\"https:\/\/www.arcsolutions.se\/de\/lab-components\/\"]}]},{\"@type\":\"ImageObject\",\"inLanguage\":\"en-US\",\"@id\":\"https:\/\/www.arcsolutions.se\/de\/lab-components\/#primaryimage\",\"url\":\"https:\/\/neoss-web.azureedge.net\/ARC\/Images\/Arc%20Components\/ARC%20Screws.jpg\",\"contentUrl\":\"https:\/\/neoss-web.azureedge.net\/ARC\/Images\/Arc%20Components\/ARC%20Screws.jpg\"},{\"@type\":\"BreadcrumbList\",\"@id\":\"https:\/\/www.arcsolutions.se\/de\/lab-components\/#breadcrumb\",\"itemListElement\":[{\"@type\":\"ListItem\",\"position\":1,\"name\":\"Home\",\"item\":\"https:\/\/www.arcsolutions.se\/de\/\"},{\"@type\":\"ListItem\",\"position\":2,\"name\":\"Lab Components\"}]},{\"@type\":\"WebSite\",\"@id\":\"https:\/\/www.arcsolutions.se\/de\/#website\",\"url\":\"https:\/\/www.arcsolutions.se\/de\/\",\"name\":\"Germany\",\"description\":\"\",\"potentialAction\":[{\"@type\":\"SearchAction\",\"target\":{\"@type\":\"EntryPoint\",\"urlTemplate\":\"https:\/\/www.arcsolutions.se\/de\/?s={search_term_string}\"},\"query-input\":{\"@type\":\"PropertyValueSpecification\",\"valueRequired\":true,\"valueName\":\"search_term_string\"}}],\"inLanguage\":\"en-US\"}]}<\/script>\n<!-- \/ Yoast SEO Premium plugin. -->","yoast_head_json":{"title":"Lab Components","robots":{"index":"noindex","follow":"follow","max-snippet":"max-snippet:-1","max-image-preview":"max-image-preview:large","max-video-preview":"max-video-preview:-1"},"og_locale":"en_US","og_type":"article","og_title":"Lab Components","og_description":"Klinische Schrauben ARC klinische Schrauben sind f\u00fcr maximale Angulierung und au\u00dfergew\u00f6hnliche Stabilit\u00e4t entwickelt. Wir verstehen die entscheidende Rolle, die Stabilit\u00e4t bei Implantatrestaurationen spielt, und unsere Schrauben sind speziell darauf ausgelegt, zuverl\u00e4ssige Leistung zu bieten. Um die Funktionalit\u00e4t zu optimieren und die Leistung zu verbessern, durchlaufen alle unsere klinischen Schrauben einen speziellen Beschichtungsprozess. Diese Beschichtung sorgt [&hellip;]","og_url":"https:\/\/www.arcsolutions.se\/de\/lab-components\/","og_site_name":"Germany","article_modified_time":"2026-01-09T16:03:36+00:00","og_image":[{"url":"https:\/\/neoss-web.azureedge.net\/ARC\/Images\/Arc%20Components\/ARC%20Screws.jpg","type":"","width":"","height":""}],"twitter_card":"summary_large_image","twitter_misc":{"Est. reading time":"2 minutes"},"schema":{"@context":"https:\/\/schema.org","@graph":[{"@type":"WebPage","@id":"https:\/\/www.arcsolutions.se\/de\/lab-components\/","url":"https:\/\/www.arcsolutions.se\/de\/lab-components\/","name":"Lab Components","isPartOf":{"@id":"https:\/\/www.arcsolutions.se\/de\/#website"},"primaryImageOfPage":{"@id":"https:\/\/www.arcsolutions.se\/de\/lab-components\/#primaryimage"},"image":{"@id":"https:\/\/www.arcsolutions.se\/de\/lab-components\/#primaryimage"},"thumbnailUrl":"https:\/\/neoss-web.azureedge.net\/ARC\/Images\/Arc%20Components\/ARC%20Screws.jpg","datePublished":"2025-04-29T10:00:28+00:00","dateModified":"2026-01-09T16:03:36+00:00","breadcrumb":{"@id":"https:\/\/www.arcsolutions.se\/de\/lab-components\/#breadcrumb"},"inLanguage":"en-US","potentialAction":[{"@type":"ReadAction","target":["https:\/\/www.arcsolutions.se\/de\/lab-components\/"]}]},{"@type":"ImageObject","inLanguage":"en-US","@id":"https:\/\/www.arcsolutions.se\/de\/lab-components\/#primaryimage","url":"https:\/\/neoss-web.azureedge.net\/ARC\/Images\/Arc%20Components\/ARC%20Screws.jpg","contentUrl":"https:\/\/neoss-web.azureedge.net\/ARC\/Images\/Arc%20Components\/ARC%20Screws.jpg"},{"@type":"BreadcrumbList","@id":"https:\/\/www.arcsolutions.se\/de\/lab-components\/#breadcrumb","itemListElement":[{"@type":"ListItem","position":1,"name":"Home","item":"https:\/\/www.arcsolutions.se\/de\/"},{"@type":"ListItem","position":2,"name":"Lab Components"}]},{"@type":"WebSite","@id":"https:\/\/www.arcsolutions.se\/de\/#website","url":"https:\/\/www.arcsolutions.se\/de\/","name":"Germany","description":"","potentialAction":[{"@type":"SearchAction","target":{"@type":"EntryPoint","urlTemplate":"https:\/\/www.arcsolutions.se\/de\/?s={search_term_string}"},"query-input":{"@type":"PropertyValueSpecification","valueRequired":true,"valueName":"search_term_string"}}],"inLanguage":"en-US"}]}},"_links":{"self":[{"href":"https:\/\/www.arcsolutions.se\/de\/wp-json\/wp\/v2\/pages\/7643","targetHints":{"allow":["GET"]}}],"collection":[{"href":"https:\/\/www.arcsolutions.se\/de\/wp-json\/wp\/v2\/pages"}],"about":[{"href":"https:\/\/www.arcsolutions.se\/de\/wp-json\/wp\/v2\/types\/page"}],"author":[{"embeddable":true,"href":"https:\/\/www.arcsolutions.se\/de\/wp-json\/wp\/v2\/users\/4"}],"replies":[{"embeddable":true,"href":"https:\/\/www.arcsolutions.se\/de\/wp-json\/wp\/v2\/comments?post=7643"}],"version-history":[{"count":8,"href":"https:\/\/www.arcsolutions.se\/de\/wp-json\/wp\/v2\/pages\/7643\/revisions"}],"predecessor-version":[{"id":8227,"href":"https:\/\/www.arcsolutions.se\/de\/wp-json\/wp\/v2\/pages\/7643\/revisions\/8227"}],"wp:attachment":[{"href":"https:\/\/www.arcsolutions.se\/de\/wp-json\/wp\/v2\/media?parent=7643"}],"wp:term":[{"taxonomy":"category","embeddable":true,"href":"https:\/\/www.arcsolutions.se\/de\/wp-json\/wp\/v2\/categories?post=7643"},{"taxonomy":"post_tag","embeddable":true,"href":"https:\/\/www.arcsolutions.se\/de\/wp-json\/wp\/v2\/tags?post=7643"},{"taxonomy":"page_type","embeddable":true,"href":"https:\/\/www.arcsolutions.se\/de\/wp-json\/wp\/v2\/page_type?post=7643"}],"curies":[{"name":"wp","href":"https:\/\/api.w.org\/{rel}","templated":true}]}}