{"id":7695,"date":"2025-04-30T18:02:29","date_gmt":"2025-04-30T10:02:29","guid":{"rendered":"https:\/\/www.arcsolutions.se\/de\/?page_id=7695"},"modified":"2025-12-23T18:38:27","modified_gmt":"2025-12-23T10:38:27","slug":"digital-support-and-design-service","status":"publish","type":"page","link":"https:\/\/www.arcsolutions.se\/de\/digital-support-and-design-service\/","title":{"rendered":"Digital Support and Design Service"},"content":{"rendered":"\t\t<div data-elementor-type=\"wp-page\" data-elementor-id=\"7695\" class=\"elementor elementor-7695\" data-elementor-post-type=\"page\">\n\t\t\t\t<div class=\"elementor-element elementor-element-4f14bfc e-con-full e-flex e-con e-parent\" data-id=\"4f14bfc\" data-element_type=\"container\">\n\t\t<div class=\"elementor-element elementor-element-f3147bb e-con-full e-flex e-con e-child\" data-id=\"f3147bb\" data-element_type=\"container\">\n\t\t\t\t<\/div>\n\t\t<div class=\"elementor-element elementor-element-3dbd0e7f e-flex e-con-boxed e-con e-child\" data-id=\"3dbd0e7f\" data-element_type=\"container\">\n\t\t\t\t\t<div class=\"e-con-inner\">\n\t\t\t\t<div class=\"elementor-element elementor-element-4f209a60 elementor-widget elementor-widget-heading\" data-id=\"4f209a60\" data-element_type=\"widget\" data-widget_type=\"heading.default\">\n\t\t\t\t<div class=\"elementor-widget-container\">\n\t\t\t<style>\/*! elementor - v3.23.0 - 05-08-2024 *\/\n.elementor-heading-title{padding:0;margin:0;line-height:1}.elementor-widget-heading .elementor-heading-title[class*=elementor-size-]>a{color:inherit;font-size:inherit;line-height:inherit}.elementor-widget-heading .elementor-heading-title.elementor-size-small{font-size:15px}.elementor-widget-heading .elementor-heading-title.elementor-size-medium{font-size:19px}.elementor-widget-heading .elementor-heading-title.elementor-size-large{font-size:29px}.elementor-widget-heading .elementor-heading-title.elementor-size-xl{font-size:39px}.elementor-widget-heading .elementor-heading-title.elementor-size-xxl{font-size:59px}<\/style><h2 class=\"elementor-heading-title elementor-size-default\">Kundservice &amp; Technischer Support\n<\/h2>\t\t<\/div>\n\t\t\t\t<\/div>\n\t\t\t\t<div class=\"elementor-element elementor-element-e3537b5 elementor-widget elementor-widget-text-editor\" data-id=\"e3537b5\" data-element_type=\"widget\" data-widget_type=\"text-editor.default\">\n\t\t\t\t<div class=\"elementor-widget-container\">\n\t\t\t<style>\/*! elementor - v3.23.0 - 05-08-2024 *\/\n.elementor-widget-text-editor.elementor-drop-cap-view-stacked .elementor-drop-cap{background-color:#69727d;color:#fff}.elementor-widget-text-editor.elementor-drop-cap-view-framed .elementor-drop-cap{color:#69727d;border:3px solid;background-color:transparent}.elementor-widget-text-editor:not(.elementor-drop-cap-view-default) .elementor-drop-cap{margin-top:8px}.elementor-widget-text-editor:not(.elementor-drop-cap-view-default) .elementor-drop-cap-letter{width:1em;height:1em}.elementor-widget-text-editor .elementor-drop-cap{float:left;text-align:center;line-height:1;font-size:50px}.elementor-widget-text-editor .elementor-drop-cap-letter{display:inline-block}<\/style>\t\t\t\t<div class=\"aa-card__body checkmark-list\">\n                        \n                       \n<p>Bitte kontaktieren Sie uns f\u00fcr Fragen unter:<\/p>\n<p><strong>Bestellungen\/Logistik<\/strong><br>Telefon: 0800 627 09 95<br>E-mail:<span>&nbsp;<a href=\"mailto:order@arcsolutions.se\" rel=\"noopener\">order@arcsolutions.se<\/a><\/span><a href=\"mailto:info@arcsolutions.se\" rel=\"noopener\"><\/a><br>\u00d6ffnungszeiten: 8.00 \u2013 16.00 Uhr<\/p>\n<p><strong>Technischer Support<\/strong><br>Telefon: 0800 627 09 95<br>E-Mail: <a href=\"mailto:arc.support@arcsolutions.se\">arc.support@arcsolutions.se<\/a><br>\u00d6ffnungszeiten: 8.00 \u2013 16.00 Uhr<\/p>\n                        \n                    <\/div>\t\t\t\t\t\t<\/div>\n\t\t\t\t<\/div>\n\t\t\t\t\t<\/div>\n\t\t\t\t<\/div>\n\t\t\t\t<\/div>\n\t\t<div class=\"elementor-element elementor-element-e8791fc e-flex e-con-boxed e-con e-parent\" data-id=\"e8791fc\" data-element_type=\"container\">\n\t\t\t\t\t<div class=\"e-con-inner\">\n\t\t<div class=\"elementor-element elementor-element-b0d8f0d e-flex e-con-boxed e-con e-child\" data-id=\"b0d8f0d\" data-element_type=\"container\">\n\t\t\t\t\t<div class=\"e-con-inner\">\n\t\t\t\t<div class=\"elementor-element elementor-element-e0b75f6 elementor-widget elementor-widget-heading\" data-id=\"e0b75f6\" data-element_type=\"widget\" data-widget_type=\"heading.default\">\n\t\t\t\t<div class=\"elementor-widget-container\">\n\t\t\t<h2 class=\"elementor-heading-title elementor-size-default\">Designservice\n<\/h2>\t\t<\/div>\n\t\t\t\t<\/div>\n\t\t\t\t<div class=\"elementor-element elementor-element-bc5f373 elementor-widget elementor-widget-text-editor\" data-id=\"bc5f373\" data-element_type=\"widget\" data-widget_type=\"text-editor.default\">\n\t\t\t\t<div class=\"elementor-widget-container\">\n\t\t\t\t\t\t\t<div class=\"aa-card__body checkmark-list\">\n                        \n                        \n                           \n<p style=\"margin-top: 0cm;margin-right: 0cm;margin-bottom: 22.5pt;padding-left: 0cm\">Bei Arc Solutions bieten wir einen optimierten Prozess f\u00fcr Ihre Auftr\u00e4ge. Senden Sie uns einfach Ihre F\u00e4lle, und unser Expertenteam wird Ihnen einen Designvorschlag erstellen, der Ihren Anforderungen entspricht.<\/p>\n<p style=\"margin-top: 0cm;margin-right: 0cm;margin-bottom: 22.5pt;padding-left: 0cm\">F\u00fcr weitere Informationen \u00fcber unsere Dienstleistungen, kontaktieren Sie uns bitte unter folgenden Kontaktdaten:<\/p>\n<p>Telefon: 0800 627 09 95<br>E-Mail: <a href=\"mailto:info@arcsolutions.se\">info@arcsolutions.se<\/a><br>\u00d6ffnungszeiten: 08.00 \u2013 16.00 Uhr<br><br><\/p>\n                        \n                    <\/div>\t\t\t\t\t\t<\/div>\n\t\t\t\t<\/div>\n\t\t\t\t\t<\/div>\n\t\t\t\t<\/div>\n\t\t<div class=\"elementor-element elementor-element-a2dd901 e-con-full e-flex e-con e-child\" data-id=\"a2dd901\" data-element_type=\"container\">\n\t\t\t\t<div class=\"elementor-element elementor-element-58080d6 elementor-widget elementor-widget-image\" data-id=\"58080d6\" data-element_type=\"widget\" data-widget_type=\"image.default\">\n\t\t\t\t<div class=\"elementor-widget-container\">\n\t\t\t<style>\/*! elementor - v3.23.0 - 05-08-2024 *\/\n.elementor-widget-image{text-align:center}.elementor-widget-image a{display:inline-block}.elementor-widget-image a img[src$=\".svg\"]{width:48px}.elementor-widget-image img{vertical-align:middle;display:inline-block}<\/style>\t\t\t\t\t\t\t\t\t\t<img decoding=\"async\" src=\"https:\/\/neoss-web.azureedge.net\/global\/Images\/Product%20Images\/ARC\/JL7_1963%20(1)-1.jpg\" title=\"\" alt=\"NeoTell hero\" loading=\"lazy\" \/>\t\t\t\t\t\t\t\t\t\t\t\t\t<\/div>\n\t\t\t\t<\/div>\n\t\t\t\t<\/div>\n\t\t\t\t\t<\/div>\n\t\t\t\t<\/div>\n\t\t<div class=\"elementor-element elementor-element-1017b7bd e-flex e-con-boxed e-con e-parent\" data-id=\"1017b7bd\" data-element_type=\"container\" data-settings=\"{&quot;background_background&quot;:&quot;gradient&quot;}\">\n\t\t\t\t\t<div class=\"e-con-inner\">\n\t\t\t\t<div class=\"elementor-element elementor-element-5e6e0990 elementor-widget__width-initial elementor-widget elementor-widget-heading\" data-id=\"5e6e0990\" data-element_type=\"widget\" data-widget_type=\"heading.default\">\n\t\t\t\t<div class=\"elementor-widget-container\">\n\t\t\t<h4 class=\"elementor-heading-title elementor-size-default\">Registrieren Sie sich jetzt f\u00fcr unseren Newsletter! Wir informieren Sie \u00fcber exklusive Angebote, die neuesten Updates und mehr!\n<\/h4>\t\t<\/div>\n\t\t\t\t<\/div>\n\t\t\t\t<div class=\"elementor-element elementor-element-21a3b013 transparent-button elementor-widget elementor-widget-button\" data-id=\"21a3b013\" data-element_type=\"widget\" data-widget_type=\"button.default\">\n\t\t\t\t<div class=\"elementor-widget-container\">\n\t\t\t\t\t<div class=\"elementor-button-wrapper\">\n\t\t\t<a class=\"elementor-button elementor-button-link elementor-size-sm\" href=\"\/email-subscription-1\">\n\t\t\t\t\t\t<span class=\"elementor-button-content-wrapper\">\n\t\t\t\t\t\t\t\t\t<span class=\"elementor-button-text\">Abonnieren<\/span>\n\t\t\t\t\t<\/span>\n\t\t\t\t\t<\/a>\n\t\t<\/div>\n\t\t\t\t<\/div>\n\t\t\t\t<\/div>\n\t\t\t\t\t<\/div>\n\t\t\t\t<\/div>\n\t\t\t\t<\/div>\n\t\t","protected":false},"excerpt":{"rendered":"<p>\/*! elementor &#8211; v3.23.0 &#8211; 05-08-2024 *\/ .elementor-heading-title{padding:0;margin:0;line-height:1}.elementor-widget-heading .elementor-heading-title[class*=elementor-size-]&gt;a{color:inherit;font-size:inherit;line-height:inherit}.elementor-widget-heading .elementor-heading-title.elementor-size-small{font-size:15px}.elementor-widget-heading .elementor-heading-title.elementor-size-medium{font-size:19px}.elementor-widget-heading .elementor-heading-title.elementor-size-large{font-size:29px}.elementor-widget-heading .elementor-heading-title.elementor-size-xl{font-size:39px}.elementor-widget-heading .elementor-heading-title.elementor-size-xxl{font-size:59px} Kundservice &amp; Technischer Support Bitte kontaktieren Sie uns f\u00fcr Fragen unter: Bestellungen\/LogistikTelefon: 0800 627 09 95E-mail:&nbsp;order@arcsolutions.se\u00d6ffnungszeiten: 8.00 \u2013 16.00 Uhr Technischer SupportTelefon: 0800 627 09 95E-Mail: arc.support@arcsolutions.se\u00d6ffnungszeiten: 8.00 \u2013 16.00 Uhr Designservice Bei Arc Solutions bieten wir einen optimierten Prozess f\u00fcr [&hellip;]<\/p>\n","protected":false},"author":4,"featured_media":0,"parent":0,"menu_order":0,"comment_status":"closed","ping_status":"closed","template":"","meta":{"_acf_changed":false,"content-type":"","_relevanssi_hide_post":"","_relevanssi_hide_content":"","_relevanssi_pin_for_all":"","_relevanssi_pin_keywords":"","_relevanssi_unpin_keywords":"","_relevanssi_related_keywords":"","_relevanssi_related_include_ids":"","_relevanssi_related_exclude_ids":"","_relevanssi_related_no_append":"","_relevanssi_related_not_related":"","_relevanssi_related_posts":"","_relevanssi_noindex_reason":"","footnotes":""},"categories":[],"tags":[],"page_type":[],"class_list":["post-7695","page","type-page","status-publish","hentry"],"acf":[],"yoast_head":"<!-- This site is optimized with the Yoast SEO Premium plugin v24.8 (Yoast SEO v24.8.1) - https:\/\/yoast.com\/wordpress\/plugins\/seo\/ -->\n<title>Digital Support and Design Service<\/title>\n<meta name=\"robots\" content=\"noindex, follow, max-snippet:-1, max-image-preview:large, max-video-preview:-1\" \/>\n<meta property=\"og:locale\" content=\"en_US\" \/>\n<meta property=\"og:type\" content=\"article\" \/>\n<meta property=\"og:title\" content=\"Digital Support and Design Service\" \/>\n<meta property=\"og:description\" content=\"\/*! elementor &#8211; v3.23.0 &#8211; 05-08-2024 *\/ .elementor-heading-title{padding:0;margin:0;line-height:1}.elementor-widget-heading .elementor-heading-title[class*=elementor-size-]&gt;a{color:inherit;font-size:inherit;line-height:inherit}.elementor-widget-heading .elementor-heading-title.elementor-size-small{font-size:15px}.elementor-widget-heading .elementor-heading-title.elementor-size-medium{font-size:19px}.elementor-widget-heading .elementor-heading-title.elementor-size-large{font-size:29px}.elementor-widget-heading .elementor-heading-title.elementor-size-xl{font-size:39px}.elementor-widget-heading .elementor-heading-title.elementor-size-xxl{font-size:59px} Kundservice &amp; Technischer Support Bitte kontaktieren Sie uns f\u00fcr Fragen unter: Bestellungen\/LogistikTelefon: 0800 627 09 95E-mail:&nbsp;order@arcsolutions.se\u00d6ffnungszeiten: 8.00 \u2013 16.00 Uhr Technischer SupportTelefon: 0800 627 09 95E-Mail: arc.support@arcsolutions.se\u00d6ffnungszeiten: 8.00 \u2013 16.00 Uhr Designservice Bei Arc Solutions bieten wir einen optimierten Prozess f\u00fcr [&hellip;]\" \/>\n<meta property=\"og:url\" content=\"https:\/\/www.arcsolutions.se\/de\/digital-support-and-design-service\/\" \/>\n<meta property=\"og:site_name\" content=\"Germany\" \/>\n<meta property=\"article:modified_time\" content=\"2025-12-23T10:38:27+00:00\" \/>\n<meta property=\"og:image\" content=\"https:\/\/neoss-web.azureedge.net\/global\/Images\/Product%20Images\/ARC\/JL7_1963%20(1)-1.jpg\" \/>\n<meta name=\"twitter:card\" content=\"summary_large_image\" \/>\n<meta name=\"twitter:label1\" content=\"Est. reading time\" \/>\n\t<meta name=\"twitter:data1\" content=\"1 minute\" \/>\n<script type=\"application\/ld+json\" class=\"yoast-schema-graph\">{\"@context\":\"https:\/\/schema.org\",\"@graph\":[{\"@type\":\"WebPage\",\"@id\":\"https:\/\/www.arcsolutions.se\/de\/digital-support-and-design-service\/\",\"url\":\"https:\/\/www.arcsolutions.se\/de\/digital-support-and-design-service\/\",\"name\":\"Digital Support and Design Service\",\"isPartOf\":{\"@id\":\"https:\/\/www.arcsolutions.se\/de\/#website\"},\"primaryImageOfPage\":{\"@id\":\"https:\/\/www.arcsolutions.se\/de\/digital-support-and-design-service\/#primaryimage\"},\"image\":{\"@id\":\"https:\/\/www.arcsolutions.se\/de\/digital-support-and-design-service\/#primaryimage\"},\"thumbnailUrl\":\"https:\/\/neoss-web.azureedge.net\/global\/Images\/Product%20Images\/ARC\/JL7_1963%20(1)-1.jpg\",\"datePublished\":\"2025-04-30T10:02:29+00:00\",\"dateModified\":\"2025-12-23T10:38:27+00:00\",\"breadcrumb\":{\"@id\":\"https:\/\/www.arcsolutions.se\/de\/digital-support-and-design-service\/#breadcrumb\"},\"inLanguage\":\"en-US\",\"potentialAction\":[{\"@type\":\"ReadAction\",\"target\":[\"https:\/\/www.arcsolutions.se\/de\/digital-support-and-design-service\/\"]}]},{\"@type\":\"ImageObject\",\"inLanguage\":\"en-US\",\"@id\":\"https:\/\/www.arcsolutions.se\/de\/digital-support-and-design-service\/#primaryimage\",\"url\":\"https:\/\/neoss-web.azureedge.net\/global\/Images\/Product%20Images\/ARC\/JL7_1963%20(1)-1.jpg\",\"contentUrl\":\"https:\/\/neoss-web.azureedge.net\/global\/Images\/Product%20Images\/ARC\/JL7_1963%20(1)-1.jpg\"},{\"@type\":\"BreadcrumbList\",\"@id\":\"https:\/\/www.arcsolutions.se\/de\/digital-support-and-design-service\/#breadcrumb\",\"itemListElement\":[{\"@type\":\"ListItem\",\"position\":1,\"name\":\"Home\",\"item\":\"https:\/\/www.arcsolutions.se\/de\/\"},{\"@type\":\"ListItem\",\"position\":2,\"name\":\"Digital Support and Design Service\"}]},{\"@type\":\"WebSite\",\"@id\":\"https:\/\/www.arcsolutions.se\/de\/#website\",\"url\":\"https:\/\/www.arcsolutions.se\/de\/\",\"name\":\"Germany\",\"description\":\"\",\"potentialAction\":[{\"@type\":\"SearchAction\",\"target\":{\"@type\":\"EntryPoint\",\"urlTemplate\":\"https:\/\/www.arcsolutions.se\/de\/?s={search_term_string}\"},\"query-input\":{\"@type\":\"PropertyValueSpecification\",\"valueRequired\":true,\"valueName\":\"search_term_string\"}}],\"inLanguage\":\"en-US\"}]}<\/script>\n<!-- \/ Yoast SEO Premium plugin. -->","yoast_head_json":{"title":"Digital Support and Design Service","robots":{"index":"noindex","follow":"follow","max-snippet":"max-snippet:-1","max-image-preview":"max-image-preview:large","max-video-preview":"max-video-preview:-1"},"og_locale":"en_US","og_type":"article","og_title":"Digital Support and Design Service","og_description":"\/*! elementor &#8211; v3.23.0 &#8211; 05-08-2024 *\/ .elementor-heading-title{padding:0;margin:0;line-height:1}.elementor-widget-heading .elementor-heading-title[class*=elementor-size-]&gt;a{color:inherit;font-size:inherit;line-height:inherit}.elementor-widget-heading .elementor-heading-title.elementor-size-small{font-size:15px}.elementor-widget-heading .elementor-heading-title.elementor-size-medium{font-size:19px}.elementor-widget-heading .elementor-heading-title.elementor-size-large{font-size:29px}.elementor-widget-heading .elementor-heading-title.elementor-size-xl{font-size:39px}.elementor-widget-heading .elementor-heading-title.elementor-size-xxl{font-size:59px} Kundservice &amp; Technischer Support Bitte kontaktieren Sie uns f\u00fcr Fragen unter: Bestellungen\/LogistikTelefon: 0800 627 09 95E-mail:&nbsp;order@arcsolutions.se\u00d6ffnungszeiten: 8.00 \u2013 16.00 Uhr Technischer SupportTelefon: 0800 627 09 95E-Mail: arc.support@arcsolutions.se\u00d6ffnungszeiten: 8.00 \u2013 16.00 Uhr Designservice Bei Arc Solutions bieten wir einen optimierten Prozess f\u00fcr [&hellip;]","og_url":"https:\/\/www.arcsolutions.se\/de\/digital-support-and-design-service\/","og_site_name":"Germany","article_modified_time":"2025-12-23T10:38:27+00:00","og_image":[{"url":"https:\/\/neoss-web.azureedge.net\/global\/Images\/Product%20Images\/ARC\/JL7_1963%20(1)-1.jpg","type":"","width":"","height":""}],"twitter_card":"summary_large_image","twitter_misc":{"Est. reading time":"1 minute"},"schema":{"@context":"https:\/\/schema.org","@graph":[{"@type":"WebPage","@id":"https:\/\/www.arcsolutions.se\/de\/digital-support-and-design-service\/","url":"https:\/\/www.arcsolutions.se\/de\/digital-support-and-design-service\/","name":"Digital Support and Design Service","isPartOf":{"@id":"https:\/\/www.arcsolutions.se\/de\/#website"},"primaryImageOfPage":{"@id":"https:\/\/www.arcsolutions.se\/de\/digital-support-and-design-service\/#primaryimage"},"image":{"@id":"https:\/\/www.arcsolutions.se\/de\/digital-support-and-design-service\/#primaryimage"},"thumbnailUrl":"https:\/\/neoss-web.azureedge.net\/global\/Images\/Product%20Images\/ARC\/JL7_1963%20(1)-1.jpg","datePublished":"2025-04-30T10:02:29+00:00","dateModified":"2025-12-23T10:38:27+00:00","breadcrumb":{"@id":"https:\/\/www.arcsolutions.se\/de\/digital-support-and-design-service\/#breadcrumb"},"inLanguage":"en-US","potentialAction":[{"@type":"ReadAction","target":["https:\/\/www.arcsolutions.se\/de\/digital-support-and-design-service\/"]}]},{"@type":"ImageObject","inLanguage":"en-US","@id":"https:\/\/www.arcsolutions.se\/de\/digital-support-and-design-service\/#primaryimage","url":"https:\/\/neoss-web.azureedge.net\/global\/Images\/Product%20Images\/ARC\/JL7_1963%20(1)-1.jpg","contentUrl":"https:\/\/neoss-web.azureedge.net\/global\/Images\/Product%20Images\/ARC\/JL7_1963%20(1)-1.jpg"},{"@type":"BreadcrumbList","@id":"https:\/\/www.arcsolutions.se\/de\/digital-support-and-design-service\/#breadcrumb","itemListElement":[{"@type":"ListItem","position":1,"name":"Home","item":"https:\/\/www.arcsolutions.se\/de\/"},{"@type":"ListItem","position":2,"name":"Digital Support and Design Service"}]},{"@type":"WebSite","@id":"https:\/\/www.arcsolutions.se\/de\/#website","url":"https:\/\/www.arcsolutions.se\/de\/","name":"Germany","description":"","potentialAction":[{"@type":"SearchAction","target":{"@type":"EntryPoint","urlTemplate":"https:\/\/www.arcsolutions.se\/de\/?s={search_term_string}"},"query-input":{"@type":"PropertyValueSpecification","valueRequired":true,"valueName":"search_term_string"}}],"inLanguage":"en-US"}]}},"_links":{"self":[{"href":"https:\/\/www.arcsolutions.se\/de\/wp-json\/wp\/v2\/pages\/7695","targetHints":{"allow":["GET"]}}],"collection":[{"href":"https:\/\/www.arcsolutions.se\/de\/wp-json\/wp\/v2\/pages"}],"about":[{"href":"https:\/\/www.arcsolutions.se\/de\/wp-json\/wp\/v2\/types\/page"}],"author":[{"embeddable":true,"href":"https:\/\/www.arcsolutions.se\/de\/wp-json\/wp\/v2\/users\/4"}],"replies":[{"embeddable":true,"href":"https:\/\/www.arcsolutions.se\/de\/wp-json\/wp\/v2\/comments?post=7695"}],"version-history":[{"count":8,"href":"https:\/\/www.arcsolutions.se\/de\/wp-json\/wp\/v2\/pages\/7695\/revisions"}],"predecessor-version":[{"id":8186,"href":"https:\/\/www.arcsolutions.se\/de\/wp-json\/wp\/v2\/pages\/7695\/revisions\/8186"}],"wp:attachment":[{"href":"https:\/\/www.arcsolutions.se\/de\/wp-json\/wp\/v2\/media?parent=7695"}],"wp:term":[{"taxonomy":"category","embeddable":true,"href":"https:\/\/www.arcsolutions.se\/de\/wp-json\/wp\/v2\/categories?post=7695"},{"taxonomy":"post_tag","embeddable":true,"href":"https:\/\/www.arcsolutions.se\/de\/wp-json\/wp\/v2\/tags?post=7695"},{"taxonomy":"page_type","embeddable":true,"href":"https:\/\/www.arcsolutions.se\/de\/wp-json\/wp\/v2\/page_type?post=7695"}],"curies":[{"name":"wp","href":"https:\/\/api.w.org\/{rel}","templated":true}]}}