{"id":7889,"date":"2025-11-13T13:39:48","date_gmt":"2025-11-13T05:39:48","guid":{"rendered":"https:\/\/www.arcsolutions.se\/de\/?page_id=7889"},"modified":"2026-01-09T23:56:48","modified_gmt":"2026-01-09T15:56:48","slug":"freed-abutment","status":"publish","type":"page","link":"https:\/\/www.arcsolutions.se\/de\/freed-abutment\/","title":{"rendered":"FreeD\u2122 Abutment"},"content":{"rendered":"\t\t<div data-elementor-type=\"wp-page\" data-elementor-id=\"7889\" class=\"elementor elementor-7889\" data-elementor-post-type=\"page\">\n\t\t\t\t<div class=\"elementor-element elementor-element-24c8520f e-flex e-con-boxed e-con e-parent\" data-id=\"24c8520f\" data-element_type=\"container\">\n\t\t\t\t\t<div class=\"e-con-inner\">\n\t\t<div class=\"elementor-element elementor-element-68d62a21 e-con-full e-flex e-con e-child\" data-id=\"68d62a21\" data-element_type=\"container\">\n\t\t\t\t<div class=\"elementor-element elementor-element-6edb4b6d elementor-widget elementor-widget-image\" data-id=\"6edb4b6d\" data-element_type=\"widget\" data-widget_type=\"image.default\">\n\t\t\t\t<div class=\"elementor-widget-container\">\n\t\t\t<style>\/*! elementor - v3.23.0 - 05-08-2024 *\/\n.elementor-widget-image{text-align:center}.elementor-widget-image a{display:inline-block}.elementor-widget-image a img[src$=\".svg\"]{width:48px}.elementor-widget-image img{vertical-align:middle;display:inline-block}<\/style>\t\t\t\t\t\t\t\t\t\t<img decoding=\"async\" src=\"https:\/\/blob.arcsolutions.se\/ARC%20FreeD%20Ti%20Base%20%20and%20crown%20Not%20Polished.png\" title=\"\" alt=\"\" loading=\"lazy\" \/>\t\t\t\t\t\t\t\t\t\t\t\t\t<\/div>\n\t\t\t\t<\/div>\n\t\t\t\t<\/div>\n\t\t<div class=\"elementor-element elementor-element-5dde6639 e-con-full e-flex e-con e-child\" data-id=\"5dde6639\" data-element_type=\"container\">\n\t\t\t\t<div class=\"elementor-element elementor-element-1b6f2476 elementor-widget elementor-widget-heading\" data-id=\"1b6f2476\" data-element_type=\"widget\" data-widget_type=\"heading.default\">\n\t\t\t\t<div class=\"elementor-widget-container\">\n\t\t\t<style>\/*! elementor - v3.23.0 - 05-08-2024 *\/\n.elementor-heading-title{padding:0;margin:0;line-height:1}.elementor-widget-heading .elementor-heading-title[class*=elementor-size-]>a{color:inherit;font-size:inherit;line-height:inherit}.elementor-widget-heading .elementor-heading-title.elementor-size-small{font-size:15px}.elementor-widget-heading .elementor-heading-title.elementor-size-medium{font-size:19px}.elementor-widget-heading .elementor-heading-title.elementor-size-large{font-size:29px}.elementor-widget-heading .elementor-heading-title.elementor-size-xl{font-size:39px}.elementor-widget-heading .elementor-heading-title.elementor-size-xxl{font-size:59px}<\/style><h2 class=\"elementor-heading-title elementor-size-default\">ARC FreeD\u2122 Abutment\n<\/h2>\t\t<\/div>\n\t\t\t\t<\/div>\n\t\t\t\t<div class=\"elementor-element elementor-element-6958d9d2 elementor-widget elementor-widget-text-editor\" data-id=\"6958d9d2\" data-element_type=\"widget\" data-widget_type=\"text-editor.default\">\n\t\t\t\t<div class=\"elementor-widget-container\">\n\t\t\t<style>\/*! elementor - v3.23.0 - 05-08-2024 *\/\n.elementor-widget-text-editor.elementor-drop-cap-view-stacked .elementor-drop-cap{background-color:#69727d;color:#fff}.elementor-widget-text-editor.elementor-drop-cap-view-framed .elementor-drop-cap{color:#69727d;border:3px solid;background-color:transparent}.elementor-widget-text-editor:not(.elementor-drop-cap-view-default) .elementor-drop-cap{margin-top:8px}.elementor-widget-text-editor:not(.elementor-drop-cap-view-default) .elementor-drop-cap-letter{width:1em;height:1em}.elementor-widget-text-editor .elementor-drop-cap{float:left;text-align:center;line-height:1;font-size:50px}.elementor-widget-text-editor .elementor-drop-cap-letter{display:inline-block}<\/style>\t\t\t\t<div class=\"aa-big-column__body checkmark-list\">\n<p>Ein v\u00f6llig neuer Prozess mit mehr Designfreiheit.<br>Intelligent, sicher und kosteneffizient.<\/p><p><br><\/p>\n<p>Was macht FreeD einzigartig?<\/p><p><br><\/p>\n<ul>\n<li>Innovative 3D-Drucktechnologie f\u00fcr optimale Passform und St\u00e4rke.<\/li>\n<li>Erstellen Sie genau die Konstruktion, die Sie ben\u00f6tigen.<\/li>\n<li>Eine zuverl\u00e4ssige, effiziente und wirtschaftliche Wahl f\u00fcr moderne Labore.<\/li>\n<\/ul>\n<\/div>\t\t\t\t\t\t<\/div>\n\t\t\t\t<\/div>\n\t\t<div class=\"elementor-element elementor-element-42ba655d e-con-full e-flex e-con e-child\" data-id=\"42ba655d\" data-element_type=\"container\">\n\t\t\t\t<div class=\"elementor-element elementor-element-2b7c3266 red-button elementor-widget elementor-widget-button\" data-id=\"2b7c3266\" data-element_type=\"widget\" data-widget_type=\"button.default\">\n\t\t\t\t<div class=\"elementor-widget-container\">\n\t\t\t\t\t<div class=\"elementor-button-wrapper\">\n\t\t\t<a class=\"elementor-button elementor-button-link elementor-size-sm\" href=\"https:\/\/www.neoss-cadcam.de\/shop\/\">\n\t\t\t\t\t\t<span class=\"elementor-button-content-wrapper\">\n\t\t\t\t\t\t\t\t\t<span class=\"elementor-button-text\"> Jetzt bestellen<\/span>\n\t\t\t\t\t<\/span>\n\t\t\t\t\t<\/a>\n\t\t<\/div>\n\t\t\t\t<\/div>\n\t\t\t\t<\/div>\n\t\t\t\t<\/div>\n\t\t\t\t<\/div>\n\t\t\t\t\t<\/div>\n\t\t\t\t<\/div>\n\t\t<div class=\"elementor-element elementor-element-6684d30 e-flex e-con-boxed e-con e-parent\" data-id=\"6684d30\" data-element_type=\"container\" data-settings=\"{&quot;background_background&quot;:&quot;gradient&quot;}\">\n\t\t\t\t\t<div class=\"e-con-inner\">\n\t\t\t\t<div class=\"elementor-element elementor-element-326c0355 elementor-widget__width-initial elementor-widget elementor-widget-heading\" data-id=\"326c0355\" data-element_type=\"widget\" data-widget_type=\"heading.default\">\n\t\t\t\t<div class=\"elementor-widget-container\">\n\t\t\t<h4 class=\"elementor-heading-title elementor-size-default\">Registrieren Sie sich jetzt f\u00fcr unseren Newsletter! Wir informieren Sie \u00fcber exklusive Angebote, die neuesten Updates und mehr!\n<\/h4>\t\t<\/div>\n\t\t\t\t<\/div>\n\t\t\t\t<div class=\"elementor-element elementor-element-24797e4d transparent-button elementor-widget elementor-widget-button\" data-id=\"24797e4d\" data-element_type=\"widget\" data-widget_type=\"button.default\">\n\t\t\t\t<div class=\"elementor-widget-container\">\n\t\t\t\t\t<div class=\"elementor-button-wrapper\">\n\t\t\t<a class=\"elementor-button elementor-button-link elementor-size-sm\" href=\"\/email-subscription-1\">\n\t\t\t\t\t\t<span class=\"elementor-button-content-wrapper\">\n\t\t\t\t\t\t\t\t\t<span class=\"elementor-button-text\">Abonnieren<\/span>\n\t\t\t\t\t<\/span>\n\t\t\t\t\t<\/a>\n\t\t<\/div>\n\t\t\t\t<\/div>\n\t\t\t\t<\/div>\n\t\t\t\t\t<\/div>\n\t\t\t\t<\/div>\n\t\t<div class=\"elementor-element elementor-element-50ba47a2 e-flex e-con-boxed e-con e-parent\" data-id=\"50ba47a2\" data-element_type=\"container\">\n\t\t\t\t\t<div class=\"e-con-inner\">\n\t\t<div class=\"elementor-element elementor-element-4e243121 e-flex e-con-boxed e-con e-child\" data-id=\"4e243121\" data-element_type=\"container\">\n\t\t\t\t\t<div class=\"e-con-inner\">\n\t\t\t\t<div class=\"elementor-element elementor-element-2784ab6 elementor-widget elementor-widget-heading\" data-id=\"2784ab6\" data-element_type=\"widget\" data-widget_type=\"heading.default\">\n\t\t\t\t<div class=\"elementor-widget-container\">\n\t\t\t<span class=\"elementor-heading-title elementor-size-default\">Kontaktieren Sie uns bez\u00fcglich\n<\/span>\t\t<\/div>\n\t\t\t\t<\/div>\n\t\t\t\t<div class=\"elementor-element elementor-element-74f53dd9 elementor-widget elementor-widget-heading\" data-id=\"74f53dd9\" data-element_type=\"widget\" data-widget_type=\"heading.default\">\n\t\t\t\t<div class=\"elementor-widget-container\">\n\t\t\t<h3 class=\"elementor-heading-title elementor-size-default\">Abutments<\/h3>\t\t<\/div>\n\t\t\t\t<\/div>\n\t\t\t\t<div class=\"elementor-element elementor-element-3ac9e00 elementor-widget elementor-widget-hubspot-form\" data-id=\"3ac9e00\" data-element_type=\"widget\" data-widget_type=\"hubspot-form.default\">\n\t\t\t\t<div class=\"elementor-widget-container\">\n\t\t\t\n\t\t\t\t\t<script>\n\t\t\t\t\t\twindow.hsFormsOnReady = window.hsFormsOnReady || [];\n\t\t\t\t\t\twindow.hsFormsOnReady.push(()=>{\n\t\t\t\t\t\t\thbspt.forms.create({\n\t\t\t\t\t\t\t\tportalId: 19798429,\n\t\t\t\t\t\t\t\tformId: \"8da1eb5a-bd07-4a8c-ac34-56d24629f935\",\n\t\t\t\t\t\t\t\ttarget: \"#hbspt-form-1777465702000-4334713857\",\n\t\t\t\t\t\t\t\tregion: \"na1\",\n\t\t\t\t\t\t\t\t\n\t\t\t\t\t\t})});\n\t\t\t\t\t<\/script>\n\t\t\t\t\t<div class=\"hbspt-form\" id=\"hbspt-form-1777465702000-4334713857\"><\/div>\t\t<\/div>\n\t\t\t\t<\/div>\n\t\t\t\t\t<\/div>\n\t\t\t\t<\/div>\n\t\t<div class=\"elementor-element elementor-element-13ee20c2 e-con-full e-flex e-con e-child\" data-id=\"13ee20c2\" data-element_type=\"container\" data-settings=\"{&quot;background_background&quot;:&quot;classic&quot;}\">\n\t\t\t\t<div class=\"elementor-element elementor-element-d5810d1 p-bottom-cover elementor-widget elementor-widget-image\" data-id=\"d5810d1\" data-element_type=\"widget\" data-widget_type=\"image.default\">\n\t\t\t\t<div class=\"elementor-widget-container\">\n\t\t\t\t\t\t\t\t\t\t\t\t\t<img decoding=\"async\" src=\"https:\/\/blob.arcsolutions.se\/CU3.jpg\" title=\"\" alt=\"\" loading=\"lazy\" \/>\t\t\t\t\t\t\t\t\t\t\t\t\t<\/div>\n\t\t\t\t<\/div>\n\t\t\t\t<\/div>\n\t\t\t\t\t<\/div>\n\t\t\t\t<\/div>\n\t\t\t\t<\/div>\n\t\t","protected":false},"excerpt":{"rendered":"<p>ARC FreeD\u2122 Abutment Ein v\u00f6llig neuer Prozess mit mehr Designfreiheit.Intelligent, sicher und kosteneffizient. Was macht FreeD einzigartig? Innovative 3D-Drucktechnologie f\u00fcr optimale Passform und St\u00e4rke. Erstellen Sie genau die Konstruktion, die Sie ben\u00f6tigen. Eine zuverl\u00e4ssige, effiziente und wirtschaftliche Wahl f\u00fcr moderne Labore. Jetzt bestellen Registrieren Sie sich jetzt f\u00fcr unseren Newsletter! Wir informieren Sie \u00fcber exklusive [&hellip;]<\/p>\n","protected":false},"author":4,"featured_media":0,"parent":0,"menu_order":0,"comment_status":"closed","ping_status":"closed","template":"","meta":{"_acf_changed":false,"content-type":"","_relevanssi_hide_post":"","_relevanssi_hide_content":"","_relevanssi_pin_for_all":"","_relevanssi_pin_keywords":"","_relevanssi_unpin_keywords":"","_relevanssi_related_keywords":"","_relevanssi_related_include_ids":"","_relevanssi_related_exclude_ids":"","_relevanssi_related_no_append":"","_relevanssi_related_not_related":"","_relevanssi_related_posts":"","_relevanssi_noindex_reason":"","footnotes":""},"categories":[],"tags":[],"page_type":[],"class_list":["post-7889","page","type-page","status-publish","hentry"],"acf":[],"yoast_head":"<!-- This site is optimized with the Yoast SEO Premium plugin v24.8 (Yoast SEO v24.8.1) - https:\/\/yoast.com\/wordpress\/plugins\/seo\/ -->\n<title>FreeD\u2122 Abutment<\/title>\n<meta name=\"robots\" content=\"noindex, follow, max-snippet:-1, max-image-preview:large, max-video-preview:-1\" \/>\n<meta property=\"og:locale\" content=\"en_US\" \/>\n<meta property=\"og:type\" content=\"article\" \/>\n<meta property=\"og:title\" content=\"FreeD\u2122 Abutment\" \/>\n<meta property=\"og:description\" content=\"ARC FreeD\u2122 Abutment Ein v\u00f6llig neuer Prozess mit mehr Designfreiheit.Intelligent, sicher und kosteneffizient. Was macht FreeD einzigartig? Innovative 3D-Drucktechnologie f\u00fcr optimale Passform und St\u00e4rke. Erstellen Sie genau die Konstruktion, die Sie ben\u00f6tigen. Eine zuverl\u00e4ssige, effiziente und wirtschaftliche Wahl f\u00fcr moderne Labore. Jetzt bestellen Registrieren Sie sich jetzt f\u00fcr unseren Newsletter! Wir informieren Sie \u00fcber exklusive [&hellip;]\" \/>\n<meta property=\"og:url\" content=\"https:\/\/www.arcsolutions.se\/de\/freed-abutment\/\" \/>\n<meta property=\"og:site_name\" content=\"Germany\" \/>\n<meta property=\"article:modified_time\" content=\"2026-01-09T15:56:48+00:00\" \/>\n<meta property=\"og:image\" content=\"https:\/\/blob.arcsolutions.se\/ARC%20FreeD%20Ti%20Base%20%20and%20crown%20Not%20Polished.png\" \/>\n<meta name=\"twitter:card\" content=\"summary_large_image\" \/>\n<meta name=\"twitter:label1\" content=\"Est. reading time\" \/>\n\t<meta name=\"twitter:data1\" content=\"1 minute\" \/>\n<script type=\"application\/ld+json\" class=\"yoast-schema-graph\">{\"@context\":\"https:\/\/schema.org\",\"@graph\":[{\"@type\":\"WebPage\",\"@id\":\"https:\/\/www.arcsolutions.se\/de\/freed-abutment\/\",\"url\":\"https:\/\/www.arcsolutions.se\/de\/freed-abutment\/\",\"name\":\"FreeD\u2122 Abutment\",\"isPartOf\":{\"@id\":\"https:\/\/www.arcsolutions.se\/de\/#website\"},\"primaryImageOfPage\":{\"@id\":\"https:\/\/www.arcsolutions.se\/de\/freed-abutment\/#primaryimage\"},\"image\":{\"@id\":\"https:\/\/www.arcsolutions.se\/de\/freed-abutment\/#primaryimage\"},\"thumbnailUrl\":\"https:\/\/blob.arcsolutions.se\/ARC%20FreeD%20Ti%20Base%20%20and%20crown%20Not%20Polished.png\",\"datePublished\":\"2025-11-13T05:39:48+00:00\",\"dateModified\":\"2026-01-09T15:56:48+00:00\",\"breadcrumb\":{\"@id\":\"https:\/\/www.arcsolutions.se\/de\/freed-abutment\/#breadcrumb\"},\"inLanguage\":\"en-US\",\"potentialAction\":[{\"@type\":\"ReadAction\",\"target\":[\"https:\/\/www.arcsolutions.se\/de\/freed-abutment\/\"]}]},{\"@type\":\"ImageObject\",\"inLanguage\":\"en-US\",\"@id\":\"https:\/\/www.arcsolutions.se\/de\/freed-abutment\/#primaryimage\",\"url\":\"https:\/\/blob.arcsolutions.se\/ARC%20FreeD%20Ti%20Base%20%20and%20crown%20Not%20Polished.png\",\"contentUrl\":\"https:\/\/blob.arcsolutions.se\/ARC%20FreeD%20Ti%20Base%20%20and%20crown%20Not%20Polished.png\"},{\"@type\":\"BreadcrumbList\",\"@id\":\"https:\/\/www.arcsolutions.se\/de\/freed-abutment\/#breadcrumb\",\"itemListElement\":[{\"@type\":\"ListItem\",\"position\":1,\"name\":\"Home\",\"item\":\"https:\/\/www.arcsolutions.se\/de\/\"},{\"@type\":\"ListItem\",\"position\":2,\"name\":\"FreeD\u2122 Abutment\"}]},{\"@type\":\"WebSite\",\"@id\":\"https:\/\/www.arcsolutions.se\/de\/#website\",\"url\":\"https:\/\/www.arcsolutions.se\/de\/\",\"name\":\"Germany\",\"description\":\"\",\"potentialAction\":[{\"@type\":\"SearchAction\",\"target\":{\"@type\":\"EntryPoint\",\"urlTemplate\":\"https:\/\/www.arcsolutions.se\/de\/?s={search_term_string}\"},\"query-input\":{\"@type\":\"PropertyValueSpecification\",\"valueRequired\":true,\"valueName\":\"search_term_string\"}}],\"inLanguage\":\"en-US\"}]}<\/script>\n<!-- \/ Yoast SEO Premium plugin. -->","yoast_head_json":{"title":"FreeD\u2122 Abutment","robots":{"index":"noindex","follow":"follow","max-snippet":"max-snippet:-1","max-image-preview":"max-image-preview:large","max-video-preview":"max-video-preview:-1"},"og_locale":"en_US","og_type":"article","og_title":"FreeD\u2122 Abutment","og_description":"ARC FreeD\u2122 Abutment Ein v\u00f6llig neuer Prozess mit mehr Designfreiheit.Intelligent, sicher und kosteneffizient. Was macht FreeD einzigartig? Innovative 3D-Drucktechnologie f\u00fcr optimale Passform und St\u00e4rke. Erstellen Sie genau die Konstruktion, die Sie ben\u00f6tigen. Eine zuverl\u00e4ssige, effiziente und wirtschaftliche Wahl f\u00fcr moderne Labore. Jetzt bestellen Registrieren Sie sich jetzt f\u00fcr unseren Newsletter! Wir informieren Sie \u00fcber exklusive [&hellip;]","og_url":"https:\/\/www.arcsolutions.se\/de\/freed-abutment\/","og_site_name":"Germany","article_modified_time":"2026-01-09T15:56:48+00:00","og_image":[{"url":"https:\/\/blob.arcsolutions.se\/ARC%20FreeD%20Ti%20Base%20%20and%20crown%20Not%20Polished.png","type":"","width":"","height":""}],"twitter_card":"summary_large_image","twitter_misc":{"Est. reading time":"1 minute"},"schema":{"@context":"https:\/\/schema.org","@graph":[{"@type":"WebPage","@id":"https:\/\/www.arcsolutions.se\/de\/freed-abutment\/","url":"https:\/\/www.arcsolutions.se\/de\/freed-abutment\/","name":"FreeD\u2122 Abutment","isPartOf":{"@id":"https:\/\/www.arcsolutions.se\/de\/#website"},"primaryImageOfPage":{"@id":"https:\/\/www.arcsolutions.se\/de\/freed-abutment\/#primaryimage"},"image":{"@id":"https:\/\/www.arcsolutions.se\/de\/freed-abutment\/#primaryimage"},"thumbnailUrl":"https:\/\/blob.arcsolutions.se\/ARC%20FreeD%20Ti%20Base%20%20and%20crown%20Not%20Polished.png","datePublished":"2025-11-13T05:39:48+00:00","dateModified":"2026-01-09T15:56:48+00:00","breadcrumb":{"@id":"https:\/\/www.arcsolutions.se\/de\/freed-abutment\/#breadcrumb"},"inLanguage":"en-US","potentialAction":[{"@type":"ReadAction","target":["https:\/\/www.arcsolutions.se\/de\/freed-abutment\/"]}]},{"@type":"ImageObject","inLanguage":"en-US","@id":"https:\/\/www.arcsolutions.se\/de\/freed-abutment\/#primaryimage","url":"https:\/\/blob.arcsolutions.se\/ARC%20FreeD%20Ti%20Base%20%20and%20crown%20Not%20Polished.png","contentUrl":"https:\/\/blob.arcsolutions.se\/ARC%20FreeD%20Ti%20Base%20%20and%20crown%20Not%20Polished.png"},{"@type":"BreadcrumbList","@id":"https:\/\/www.arcsolutions.se\/de\/freed-abutment\/#breadcrumb","itemListElement":[{"@type":"ListItem","position":1,"name":"Home","item":"https:\/\/www.arcsolutions.se\/de\/"},{"@type":"ListItem","position":2,"name":"FreeD\u2122 Abutment"}]},{"@type":"WebSite","@id":"https:\/\/www.arcsolutions.se\/de\/#website","url":"https:\/\/www.arcsolutions.se\/de\/","name":"Germany","description":"","potentialAction":[{"@type":"SearchAction","target":{"@type":"EntryPoint","urlTemplate":"https:\/\/www.arcsolutions.se\/de\/?s={search_term_string}"},"query-input":{"@type":"PropertyValueSpecification","valueRequired":true,"valueName":"search_term_string"}}],"inLanguage":"en-US"}]}},"_links":{"self":[{"href":"https:\/\/www.arcsolutions.se\/de\/wp-json\/wp\/v2\/pages\/7889","targetHints":{"allow":["GET"]}}],"collection":[{"href":"https:\/\/www.arcsolutions.se\/de\/wp-json\/wp\/v2\/pages"}],"about":[{"href":"https:\/\/www.arcsolutions.se\/de\/wp-json\/wp\/v2\/types\/page"}],"author":[{"embeddable":true,"href":"https:\/\/www.arcsolutions.se\/de\/wp-json\/wp\/v2\/users\/4"}],"replies":[{"embeddable":true,"href":"https:\/\/www.arcsolutions.se\/de\/wp-json\/wp\/v2\/comments?post=7889"}],"version-history":[{"count":8,"href":"https:\/\/www.arcsolutions.se\/de\/wp-json\/wp\/v2\/pages\/7889\/revisions"}],"predecessor-version":[{"id":8215,"href":"https:\/\/www.arcsolutions.se\/de\/wp-json\/wp\/v2\/pages\/7889\/revisions\/8215"}],"wp:attachment":[{"href":"https:\/\/www.arcsolutions.se\/de\/wp-json\/wp\/v2\/media?parent=7889"}],"wp:term":[{"taxonomy":"category","embeddable":true,"href":"https:\/\/www.arcsolutions.se\/de\/wp-json\/wp\/v2\/categories?post=7889"},{"taxonomy":"post_tag","embeddable":true,"href":"https:\/\/www.arcsolutions.se\/de\/wp-json\/wp\/v2\/tags?post=7889"},{"taxonomy":"page_type","embeddable":true,"href":"https:\/\/www.arcsolutions.se\/de\/wp-json\/wp\/v2\/page_type?post=7889"}],"curies":[{"name":"wp","href":"https:\/\/api.w.org\/{rel}","templated":true}]}}